{"id":1533,"date":"2022-06-17T17:22:23","date_gmt":"2022-06-17T17:22:23","guid":{"rendered":"http:\/\/causal-discovery.blog\/?page_id=1533"},"modified":"2025-07-20T07:46:26","modified_gmt":"2025-07-20T07:46:26","slug":"ueberuns","status":"publish","type":"page","link":"https:\/\/xplain-data.de\/de\/ueberuns\/","title":{"rendered":"Xplain Data &#8211; \u00dcber uns"},"content":{"rendered":"<div class=\"wpb-content-wrapper\"><p>[vc_row full_width=&#8220;stretch_row&#8220; css=&#8220;.vc_custom_1672213794141{background-color: #68ccc5 !important;}&#8220; el_class=&#8220;invert&#8220;][vc_column width=&#8220;1\/6&#8243;][\/vc_column][vc_column width=&#8220;2\/3&#8243;][vc_column_text]<\/p>\n<h2 style=\"text-align: center;\">Xplain Data fokussiert sich auf die Entwicklung innovativer Technologien im Bereich Causal AI.<\/h2>\n<p>[\/vc_column_text][vc_column_text]<\/p>\n<p style=\"text-align: center;\">Die Xplain Data <a href=\"https:\/\/xplain-data.de\/de\/causal-discoverer\/\">Causal Discovery Algorithmen<\/a> erm\u00f6glichen es Unternehmen aller Branchen, die wenigen, potenziell kausalen Zusammenh\u00e4nge in ihren \u201eReal World Data\u201c zu erkennen, die sich hinter unz\u00e4hligen belanglosen Korrelationen verbergen. Anwender k\u00f6nnen mit diesen Erkenntnissen \u00fcber Ursache und Wirkung in ihre Gesch\u00e4ftsprozesse eingreifen, um Fehlerursachen zu beseitigen oder einen gew\u00fcnschten Effekt zu erzielen. Zu den Xplain Data Kunden z\u00e4hlen f\u00fchrende Unternehmen aus Maschinenbau, Produktion und dem Gesundheitswesen, welche die Technologien neben anspruchsvollen Datenanalysen z. B. auch f\u00fcr Produktions- und Ertragsoptimierung sowie Versorgungsanalysen nutzen.<\/p>\n<h3 style=\"text-align: center;\"><strong>Die Xplain Data GmbH ist zu 100 % im Besitz des Gr\u00fcnderteams.<\/strong><\/h3>\n<p>[\/vc_column_text][\/vc_column][vc_column width=&#8220;1\/6&#8243;][\/vc_column][\/vc_row][vc_row bg_type=&#8220;image&#8220; parallax_style=&#8220;vcpb-default&#8220; bg_image_repeat=&#8220;no-repeat&#8220; bg_image_size=&#8220;contain&#8220; bg_image_posiiton=&#8220;center center&#8220; css=&#8220;.vc_custom_1672213744635{margin-bottom: 0px !important;padding-bottom: 0px !important;}&#8220;][vc_column width=&#8220;1\/2&#8243;][vc_single_image image=&#8220;830&#8243; img_size=&#8220;full&#8220; css=&#8220;.vc_custom_1672213764146{margin-bottom: 0px !important;padding-bottom: 0px !important;}&#8220;][\/vc_column][vc_column width=&#8220;1\/2&#8243;][vc_empty_space height=&#8220;250px&#8220;][vc_column_text]<\/p>\n<h2>\u201cJede neue Idee durchl\u00e4uft drei Phasen: In der ersten wird sie belacht, in der zweiten bek\u00e4mpft, schlie\u00dflich findet man die Idee selbstverst\u00e4ndlich\u201d<\/h2>\n<h4>\u2013 Schopenhauer (1788 \u2013 1860, sinngem\u00e4\u00df)<\/h4>\n<p>[\/vc_column_text][vc_empty_space height=&#8220;100px&#8220;][\/vc_column][\/vc_row][vc_row][vc_column][vc_empty_space height=&#8220;60px&#8220;][\/vc_column][\/vc_row][vc_row][vc_column]<div id=\"ultimate-heading-45569dddc8b1138c\" class=\"uvc-heading ult-adjust-bottom-margin ultimate-heading-45569dddc8b1138c uvc-3753  uvc-heading-default-font-sizes\" data-hspacer=\"line_only\"  data-halign=\"left\" style=\"text-align:left\"><div class=\"uvc-main-heading ult-responsive\"  data-ultimate-target='.uvc-heading.ultimate-heading-45569dddc8b1138c h1'  data-responsive-json-new='{\"font-size\":\"\",\"line-height\":\"\"}' ><h1 style=\"--font-weight:theme;\">Wie alles begann<\/h1><\/div><div class=\"uvc-heading-spacer line_only\" style=\"margin-bottom:40px;height:1px;\"><span class=\"uvc-headings-line\" style=\"border-style:solid;border-bottom-width:1px;border-color:#68ccc5;width:150px;\"><\/span><\/div><\/div>[vc_column_text]In vielen Analyseprojekten kollidiert die Komplexit\u00e4t von &#8222;Real World Data&#8220; mit den restriktiven Datenstrukturen, die heutige maschinelle Lernverfahren verarbeiten k\u00f6nnen. Wir glauben, dass es an der Zeit ist, diese Herausforderung anzugehen, ohne die Daten in \u00fcberm\u00e4\u00dfig vereinfachte Strukturen zu zwingen.<\/p>\n<p>Im Jahr 2015 begannen wir unsere Reise zur Entwicklung bahnbrechender Innovationen im Kontext von Big Data und k\u00fcnstlicher Intelligenz. Das Ergebnis dieser Bem\u00fchungen ist das ObjectAnalytics-Paradigma, ein neuartiges Konzept. Es erm\u00f6glicht, komplexe Objekte der realen Welt &#8222;so wie sie sind&#8220; zu verarbeiten.<\/p>\n<h6><strong>Causal Discovery: Unser einzigartiger Ansatz<\/strong><\/h6>\n<p>Aufbauend auf dem <a href=\"https:\/\/xplain-data.de\/object-analytics-database\/\">ObjectAnalytics<\/a>-Paradigma haben wir einen einzigartigen Ansatz f\u00fcr Causal Discovery entwickelt. Mit diesem Ansatz k\u00f6nnen wir nicht nur Daten analysieren, sondern auch kausale Beziehungen zwischen verschiedenen Objekten in der realen Welt aufdecken. Dies erm\u00f6glicht tiefe Einblicke und die Identifizierung von Ursache-Wirkungs-Beziehungen.<\/p>\n<h6><strong>Innovation in Partnerschaft: Unser Kooperationsmodell<\/strong><\/h6>\n<p>Innovation gedeiht, wenn unternehmerisches Denken und Partnerschaften zusammenkommen. Wir sch\u00e4tzen unsere Partnerschaften mit Early Adopter-Kunden und freuen uns auf weitere vision\u00e4re Kunden und Partner, die daran interessiert sind, unsere bahnbrechenden Technologien in ihr Portfolio aufzunehmen. Wir bieten Ihnen die M\u00f6glichkeit, von innovativen Formen der Zusammenarbeit zu profitieren, wie z.B. unserem Co-Innovationsmodell, bei dem Risiko und Ertrag gerecht aufgeteilt werden.[\/vc_column_text][vc_empty_space height=&#8220;60px&#8220;][\/vc_column][\/vc_row][vc_row][vc_column width=&#8220;1\/2&#8243;][vc_column_text css=&#8220;.vc_custom_1673964399152{border-top-width: 1px !important;border-right-width: 1px !important;border-bottom-width: 1px !important;border-left-width: 1px !important;padding-top: 25px !important;padding-right: 25px !important;padding-bottom: 25px !important;padding-left: 25px !important;border-left-color: #68ccc5 !important;border-left-style: solid !important;border-right-color: #68ccc5 !important;border-right-style: solid !important;border-top-color: #68ccc5 !important;border-top-style: solid !important;border-bottom-color: #68ccc5 !important;border-bottom-style: solid !important;border-radius: 5px !important;}&#8220;]<\/p>\n<p style=\"text-align: center;\">Das Thema K\u00fcnstliche Intelligenz ist allgegenw\u00e4rtig, aber \u00fcber Kausalit\u00e4t wird nicht gesprochen. Kann ein System intelligent sein, ohne eine Vorstellung von Ursache und Wirkung?<\/p>\n<p>&nbsp;<\/p>\n<h3 style=\"text-align: center;\">Unsere Mission<\/h3>\n<p style=\"text-align: center;\"><strong>Unsere Mission ist es, tragf\u00e4hige Konzepte f\u00fcr Kausalit\u00e4t in den Bereich der K\u00fcnstlichen Intelligenz zu bringen. Dies erfordert eine ganzheitliche Sicht auf das zu analysierende Objekt, die wir durch eine neuartige Datenbanktechnologie erm\u00f6glichen.<\/strong><\/p>\n<p>[\/vc_column_text][\/vc_column][vc_column width=&#8220;1\/2&#8243;][vc_column_text css=&#8220;.vc_custom_1678116522160{border-top-width: 1px !important;border-right-width: 1px !important;border-bottom-width: 1px !important;border-left-width: 1px !important;padding-top: 25px !important;padding-right: 25px !important;padding-bottom: 25px !important;padding-left: 25px !important;border-left-color: #68ccc5 !important;border-left-style: solid !important;border-right-color: #68ccc5 !important;border-right-style: solid !important;border-top-color: #68ccc5 !important;border-top-style: solid !important;border-bottom-color: #68ccc5 !important;border-bottom-style: solid !important;border-radius: 5px !important;}&#8220;]<\/p>\n<p style=\"text-align: center;\">F\u00fcr klassische Machine Learning Verfahren ist es notwendig, Daten in eingeschr\u00e4nkte analytische Schemata zu bringen, in der Regel eine flache Tabelle &#8230; w\u00e4hrend die Daten der realen Welt viel komplexer sind.<\/p>\n<p>&nbsp;<\/p>\n<h3 style=\"text-align: center;\">Unsere Vision<\/h3>\n<p style=\"text-align: center;\"><strong>Unsere Vision sind <a href=\"https:\/\/en.wikipedia.org\/wiki\/Causal_AI\">Causal AI<\/a> Algorithmen, die \u201eReal World Objects\u201c verarbeiten k\u00f6nnen, so wie diese nat\u00fcrlicherweise existieren \u2013 womit sich KI-Systeme in realen Umgebungen bewegen k\u00f6nnen.<\/strong><\/p>\n<p>[\/vc_column_text][\/vc_column][\/vc_row][vc_row][vc_column][vc_empty_space]<div class=\"xplain_content_box type_left\"><div class=\"xplain_content_box_inner\"><h2>M\u00f6chten Sie mit uns durchstarten?<\/h2><div class=\"content_box_content\"><p>Und einen frischen Blick auf die Analytik werfen? Wenn Sie offen daf\u00fcr sind, die Leistungsf\u00e4higkeit Ihres etablierten Unternehmens mit der unseres innovativen Startups erfolgreich zu kombinieren \u2013 dann freuen wir uns auf Ihre <a href=\"https:\/\/xplain-data.de\/de\/kontakt\/\">Nachricht<\/a>!<\/p>\n<\/div><\/div><\/div>[vc_empty_space][\/vc_column][\/vc_row]<\/p>\n<\/div>","protected":false},"excerpt":{"rendered":"<p>[vc_row full_width=&#8220;stretch_row&#8220; css=&#8220;.vc_custom_1672213794141{background-color: #68ccc5 !important;}&#8220; el_class=&#8220;invert&#8220;][vc_column width=&#8220;1\/6&#8243;][\/vc_column][vc_column width=&#8220;2\/3&#8243;][vc_column_text] Xplain Data fokussiert sich auf die Entwicklung innovativer Technologien im Bereich Causal AI. [\/vc_column_text][vc_column_text] Die Xplain Data Causal Discovery Algorithmen erm\u00f6glichen es Unternehmen aller Branchen, die wenigen, potenziell kausalen Zusammenh\u00e4nge in ihren \u201eReal World Data\u201c zu erkennen, die sich hinter unz\u00e4hligen belanglosen Korrelationen verbergen. Anwender k\u00f6nnen mit&hellip;<\/p>\n","protected":false},"author":1,"featured_media":0,"parent":0,"menu_order":0,"comment_status":"closed","ping_status":"closed","template":"","meta":{"inline_featured_image":false,"footnotes":""},"class_list":["post-1533","page","type-page","status-publish","hentry","description-off"],"yoast_head":"<!-- This site is optimized with the Yoast SEO plugin v27.3 - https:\/\/yoast.com\/product\/yoast-seo-wordpress\/ -->\n<title>\u00dcber uns | Xplain Data GmbH<\/title>\n<meta name=\"description\" content=\"Xplain Data revolutioniert seit 2015 Big Data &amp; KI: Unser einzigartigen Causal Discovery Ansatz basiert auf dem ObjectAnalytics Paradigma.\" \/>\n<meta name=\"robots\" content=\"index, follow, max-snippet:-1, max-image-preview:large, max-video-preview:-1\" \/>\n<link rel=\"canonical\" href=\"https:\/\/xplain-data.de\/de\/ueberuns\/\" \/>\n<meta property=\"og:locale\" content=\"de_DE\" \/>\n<meta property=\"og:type\" content=\"article\" \/>\n<meta property=\"og:title\" content=\"\u00dcber uns | Xplain Data GmbH\" \/>\n<meta property=\"og:description\" content=\"Xplain Data revolutioniert seit 2015 Big Data &amp; KI: Unser einzigartigen Causal Discovery Ansatz basiert auf dem ObjectAnalytics Paradigma.\" \/>\n<meta property=\"og:url\" content=\"https:\/\/xplain-data.de\/de\/ueberuns\/\" \/>\n<meta property=\"og:site_name\" content=\"Xplain Data\" \/>\n<meta property=\"article:modified_time\" content=\"2025-07-20T07:46:26+00:00\" \/>\n<meta property=\"og:image\" content=\"https:\/\/xplain-data.de\/wp-content\/uploads\/2023\/01\/social-image.jpg\" \/>\n\t<meta property=\"og:image:width\" content=\"1280\" \/>\n\t<meta property=\"og:image:height\" content=\"720\" \/>\n\t<meta property=\"og:image:type\" content=\"image\/jpeg\" \/>\n<meta name=\"twitter:card\" content=\"summary_large_image\" \/>\n<meta name=\"twitter:label1\" content=\"Gesch\u00e4tzte Lesezeit\" \/>\n\t<meta name=\"twitter:data1\" content=\"3\u00a0Minuten\" \/>\n<script type=\"application\/ld+json\" class=\"yoast-schema-graph\">{\"@context\":\"https:\\\/\\\/schema.org\",\"@graph\":[{\"@type\":\"WebPage\",\"@id\":\"https:\\\/\\\/xplain-data.de\\\/de\\\/ueberuns\\\/\",\"url\":\"https:\\\/\\\/xplain-data.de\\\/de\\\/ueberuns\\\/\",\"name\":\"\u00dcber uns | Xplain Data GmbH\",\"isPartOf\":{\"@id\":\"https:\\\/\\\/xplain-data.de\\\/de\\\/#website\"},\"datePublished\":\"2022-06-17T17:22:23+00:00\",\"dateModified\":\"2025-07-20T07:46:26+00:00\",\"description\":\"Xplain Data revolutioniert seit 2015 Big Data & KI: Unser einzigartigen Causal Discovery Ansatz basiert auf dem ObjectAnalytics Paradigma.\",\"breadcrumb\":{\"@id\":\"https:\\\/\\\/xplain-data.de\\\/de\\\/ueberuns\\\/#breadcrumb\"},\"inLanguage\":\"de\",\"potentialAction\":[{\"@type\":\"ReadAction\",\"target\":[\"https:\\\/\\\/xplain-data.de\\\/de\\\/ueberuns\\\/\"]}]},{\"@type\":\"BreadcrumbList\",\"@id\":\"https:\\\/\\\/xplain-data.de\\\/de\\\/ueberuns\\\/#breadcrumb\",\"itemListElement\":[{\"@type\":\"ListItem\",\"position\":1,\"name\":\"Home\",\"item\":\"https:\\\/\\\/xplain-data.de\\\/de\\\/\"},{\"@type\":\"ListItem\",\"position\":2,\"name\":\"Xplain Data &#8211; \u00dcber uns\"}]},{\"@type\":\"WebSite\",\"@id\":\"https:\\\/\\\/xplain-data.de\\\/de\\\/#website\",\"url\":\"https:\\\/\\\/xplain-data.de\\\/de\\\/\",\"name\":\"Xplain Data\",\"description\":\"Uncover cause &amp; effect relationships in complex data - key to AI\",\"publisher\":{\"@id\":\"https:\\\/\\\/xplain-data.de\\\/de\\\/#organization\"},\"potentialAction\":[{\"@type\":\"SearchAction\",\"target\":{\"@type\":\"EntryPoint\",\"urlTemplate\":\"https:\\\/\\\/xplain-data.de\\\/de\\\/?s={search_term_string}\"},\"query-input\":{\"@type\":\"PropertyValueSpecification\",\"valueRequired\":true,\"valueName\":\"search_term_string\"}}],\"inLanguage\":\"de\"},{\"@type\":\"Organization\",\"@id\":\"https:\\\/\\\/xplain-data.de\\\/de\\\/#organization\",\"name\":\"Xplain Data GmbH\",\"url\":\"https:\\\/\\\/xplain-data.de\\\/de\\\/\",\"logo\":{\"@type\":\"ImageObject\",\"inLanguage\":\"de\",\"@id\":\"https:\\\/\\\/xplain-data.de\\\/de\\\/#\\\/schema\\\/logo\\\/image\\\/\",\"url\":\"https:\\\/\\\/xplain-data.de\\\/wp-content\\\/uploads\\\/2023\\\/01\\\/xplaindata_logo-claim-240.png\",\"contentUrl\":\"https:\\\/\\\/xplain-data.de\\\/wp-content\\\/uploads\\\/2023\\\/01\\\/xplaindata_logo-claim-240.png\",\"width\":609,\"height\":240,\"caption\":\"Xplain Data GmbH\"},\"image\":{\"@id\":\"https:\\\/\\\/xplain-data.de\\\/de\\\/#\\\/schema\\\/logo\\\/image\\\/\"},\"sameAs\":[\"https:\\\/\\\/www.linkedin.com\\\/company\\\/xplain-data-gmbh\\\/?viewAsMember=true\"]}]}<\/script>\n<!-- \/ Yoast SEO plugin. -->","yoast_head_json":{"title":"\u00dcber uns | Xplain Data GmbH","description":"Xplain Data revolutioniert seit 2015 Big Data & KI: Unser einzigartigen Causal Discovery Ansatz basiert auf dem ObjectAnalytics Paradigma.","robots":{"index":"index","follow":"follow","max-snippet":"max-snippet:-1","max-image-preview":"max-image-preview:large","max-video-preview":"max-video-preview:-1"},"canonical":"https:\/\/xplain-data.de\/de\/ueberuns\/","og_locale":"de_DE","og_type":"article","og_title":"\u00dcber uns | Xplain Data GmbH","og_description":"Xplain Data revolutioniert seit 2015 Big Data & KI: Unser einzigartigen Causal Discovery Ansatz basiert auf dem ObjectAnalytics Paradigma.","og_url":"https:\/\/xplain-data.de\/de\/ueberuns\/","og_site_name":"Xplain Data","article_modified_time":"2025-07-20T07:46:26+00:00","og_image":[{"width":1280,"height":720,"url":"https:\/\/xplain-data.de\/wp-content\/uploads\/2023\/01\/social-image.jpg","type":"image\/jpeg"}],"twitter_card":"summary_large_image","twitter_misc":{"Gesch\u00e4tzte Lesezeit":"3\u00a0Minuten"},"schema":{"@context":"https:\/\/schema.org","@graph":[{"@type":"WebPage","@id":"https:\/\/xplain-data.de\/de\/ueberuns\/","url":"https:\/\/xplain-data.de\/de\/ueberuns\/","name":"\u00dcber uns | Xplain Data GmbH","isPartOf":{"@id":"https:\/\/xplain-data.de\/de\/#website"},"datePublished":"2022-06-17T17:22:23+00:00","dateModified":"2025-07-20T07:46:26+00:00","description":"Xplain Data revolutioniert seit 2015 Big Data & KI: Unser einzigartigen Causal Discovery Ansatz basiert auf dem ObjectAnalytics Paradigma.","breadcrumb":{"@id":"https:\/\/xplain-data.de\/de\/ueberuns\/#breadcrumb"},"inLanguage":"de","potentialAction":[{"@type":"ReadAction","target":["https:\/\/xplain-data.de\/de\/ueberuns\/"]}]},{"@type":"BreadcrumbList","@id":"https:\/\/xplain-data.de\/de\/ueberuns\/#breadcrumb","itemListElement":[{"@type":"ListItem","position":1,"name":"Home","item":"https:\/\/xplain-data.de\/de\/"},{"@type":"ListItem","position":2,"name":"Xplain Data &#8211; \u00dcber uns"}]},{"@type":"WebSite","@id":"https:\/\/xplain-data.de\/de\/#website","url":"https:\/\/xplain-data.de\/de\/","name":"Xplain Data","description":"Uncover cause &amp; effect relationships in complex data - key to AI","publisher":{"@id":"https:\/\/xplain-data.de\/de\/#organization"},"potentialAction":[{"@type":"SearchAction","target":{"@type":"EntryPoint","urlTemplate":"https:\/\/xplain-data.de\/de\/?s={search_term_string}"},"query-input":{"@type":"PropertyValueSpecification","valueRequired":true,"valueName":"search_term_string"}}],"inLanguage":"de"},{"@type":"Organization","@id":"https:\/\/xplain-data.de\/de\/#organization","name":"Xplain Data GmbH","url":"https:\/\/xplain-data.de\/de\/","logo":{"@type":"ImageObject","inLanguage":"de","@id":"https:\/\/xplain-data.de\/de\/#\/schema\/logo\/image\/","url":"https:\/\/xplain-data.de\/wp-content\/uploads\/2023\/01\/xplaindata_logo-claim-240.png","contentUrl":"https:\/\/xplain-data.de\/wp-content\/uploads\/2023\/01\/xplaindata_logo-claim-240.png","width":609,"height":240,"caption":"Xplain Data GmbH"},"image":{"@id":"https:\/\/xplain-data.de\/de\/#\/schema\/logo\/image\/"},"sameAs":["https:\/\/www.linkedin.com\/company\/xplain-data-gmbh\/?viewAsMember=true"]}]}},"_links":{"self":[{"href":"https:\/\/xplain-data.de\/de\/wp-json\/wp\/v2\/pages\/1533","targetHints":{"allow":["GET"]}}],"collection":[{"href":"https:\/\/xplain-data.de\/de\/wp-json\/wp\/v2\/pages"}],"about":[{"href":"https:\/\/xplain-data.de\/de\/wp-json\/wp\/v2\/types\/page"}],"author":[{"embeddable":true,"href":"https:\/\/xplain-data.de\/de\/wp-json\/wp\/v2\/users\/1"}],"replies":[{"embeddable":true,"href":"https:\/\/xplain-data.de\/de\/wp-json\/wp\/v2\/comments?post=1533"}],"version-history":[{"count":27,"href":"https:\/\/xplain-data.de\/de\/wp-json\/wp\/v2\/pages\/1533\/revisions"}],"predecessor-version":[{"id":6468,"href":"https:\/\/xplain-data.de\/de\/wp-json\/wp\/v2\/pages\/1533\/revisions\/6468"}],"wp:attachment":[{"href":"https:\/\/xplain-data.de\/de\/wp-json\/wp\/v2\/media?parent=1533"}],"curies":[{"name":"wp","href":"https:\/\/api.w.org\/{rel}","templated":true}]}}