{"id":1658,"date":"2022-06-22T08:01:04","date_gmt":"2022-06-22T08:01:04","guid":{"rendered":"http:\/\/causal-discovery.blog\/?page_id=1658"},"modified":"2024-06-17T18:57:44","modified_gmt":"2024-06-17T18:57:44","slug":"services","status":"publish","type":"page","link":"https:\/\/xplain-data.de\/de\/services\/","title":{"rendered":"Unsere Services"},"content":{"rendered":"<div class=\"wpb-content-wrapper\"><p>[vc_row][vc_column][vc_column_text css=&#8220;&#8220;]<\/p>\n<h2>Unser Proof-of-Concept (POC) macht aus Ihren Daten eine intelligente Anwendung.<\/h2>\n<p>[\/vc_column_text][vc_empty_space height=&#8220;90px&#8220;][\/vc_column][\/vc_row][vc_row gap=&#8220;35&#8243;][vc_column width=&#8220;1\/3&#8243;]<div class=\"xplain_content_box type_left\"><div class=\"xplain_content_box_inner\"><h2>Erleben Sie, wie schnell neue L\u00f6sungen entwickelt werden k\u00f6nnen, denn:<\/h2><div class=\"content_box_content\"><p>Alle Daten sind in Form von ganzheitlichen Objekten leicht zug\u00e4nglich. Daher sind keine aufwendigen Datenvorverarbeitungen oder komplexe SQL-Abfragen notwendig.<\/p>\n<p>Intelligente Schnittstellen erm\u00f6glichen die direkte Einbindung von Analyseergebnissen in webbasierte Anwendungen.<\/p>\n<p>Die Entwicklung von benutzerdefinierten und fortgeschrittenen Algorithmen ist viel flexibler &#8211; weil ohne Einschr\u00e4nkungen und nicht anf\u00e4llig f\u00fcr Performance-Probleme.<\/p>\n<\/div><\/div><\/div>[\/vc_column][vc_column width=&#8220;1\/3&#8243;]<div class=\"xplain_content_box type_left\"><div class=\"xplain_content_box_inner\"><h2>Der schnellste Weg dorthin? Unser bew\u00e4hrter POC-Prozess:<\/h2><div class=\"content_box_content\"><p>Wir setzen unsere <a href=\"https:\/\/xplain-data.de\/de\/object-analytics-database\/\">ObjectAnalytics Database<\/a> auf Ihre Daten auf und beginnen gemeinsam, Ihre Gesch\u00e4ftsobjekte mit dem <a href=\"https:\/\/xplain-data.de\/de\/causal-discoverer\/\">CausalDiscoverer<\/a> zu untersuchen. Sie werden eine neuartige Erfahrung machen, indem Sie Ihr Gesch\u00e4ftsobjekt (z.B. Kunde, Patient, produziertes Teil etc.) \u00fcber mehrere Datenstr\u00f6me hinweg analysieren.<\/p>\n<p>Dabei hilft Ihnen unser Causal Discovery-Ansatz, ein besseres Verst\u00e4ndnis f\u00fcr potenzielle &#8222;Ursache-Wirkungs&#8220;-Zusammenh\u00e4nge zu bekommen, die die Erreichung Ihre Gesch\u00e4ftsziele beeinflu\u00dfen.<\/p>\n<p>Die gewonnenen Erkenntnisse bilden die Grundlage f\u00fcr die Definition einer Anwendung, die die &#8222;einmalige Analyse&#8220; in einen wiederholbaren analytischen Workflow verwandelt. Ein Entwurf der Implementierung einer solchen Anwendung kann Teil des POCs sein.<\/p>\n<\/div><\/div><\/div>[\/vc_column][vc_column width=&#8220;1\/3&#8243;][vc_empty_space height=&#8220;150&#8243;][vc_column_text]<\/p>\n<h2>Bereit, kausale Zusammenh\u00e4nge in Ihren Daten zu entdecken?<\/h2>\n<div class=\"content_box_content\">\n<p><strong>Schildern Sie uns Ihre Herausforderung!<\/strong><\/p>\n<\/div>\n<p>[\/vc_column_text]<style type=\"text\/css\" data-type=\"the7_shortcodes-inline-css\">#default-btn-228547881276191b2cac6d0099eafc70.ico-right-side > i {\n  margin-right: 0px;\n  margin-left: 8px;\n}\n#default-btn-228547881276191b2cac6d0099eafc70 > i {\n  margin-right: 8px;\n}<\/style><div class=\"btn-align-left\"><a href=\"https:\/\/xplain-data.de\/de\/kontakt\/\" class=\"default-btn-shortcode dt-btn dt-btn-l link-hover-off \" id=\"default-btn-228547881276191b2cac6d0099eafc70\" title=\"Kontakt\"><span>Zum Kontaktformular<\/span><\/a><\/div>[\/vc_column][\/vc_row]<\/p>\n<\/div>","protected":false},"excerpt":{"rendered":"<p>[vc_row][vc_column][vc_column_text css=&#8220;&#8220;] Unser Proof-of-Concept (POC) macht aus Ihren Daten eine intelligente Anwendung. [\/vc_column_text][vc_empty_space height=&#8220;90px&#8220;][\/vc_column][\/vc_row][vc_row gap=&#8220;35&#8243;][vc_column width=&#8220;1\/3&#8243;][\/vc_column][vc_column width=&#8220;1\/3&#8243;][\/vc_column][vc_column width=&#8220;1\/3&#8243;][vc_empty_space height=&#8220;150&#8243;][vc_column_text] Bereit, kausale Zusammenh\u00e4nge in Ihren Daten zu entdecken? Schildern Sie uns Ihre Herausforderung! [\/vc_column_text][\/vc_column][\/vc_row]<\/p>\n","protected":false},"author":1,"featured_media":0,"parent":0,"menu_order":0,"comment_status":"closed","ping_status":"closed","template":"","meta":{"inline_featured_image":false,"footnotes":""},"class_list":["post-1658","page","type-page","status-publish","hentry","description-off"],"yoast_head":"<!-- This site is optimized with the Yoast SEO plugin v27.3 - https:\/\/yoast.com\/product\/yoast-seo-wordpress\/ -->\n<title>Unsere Services I Xplain Data GmbH<\/title>\n<meta name=\"description\" content=\"Verwandeln Sie Ihre Real-World Daten durch unsere innovativen Causal AI-Algorithmen in eine intelligente Anwendung.\" \/>\n<meta name=\"robots\" content=\"index, follow, max-snippet:-1, max-image-preview:large, max-video-preview:-1\" \/>\n<link rel=\"canonical\" href=\"https:\/\/xplain-data.de\/de\/services\/\" \/>\n<meta property=\"og:locale\" content=\"de_DE\" \/>\n<meta property=\"og:type\" content=\"article\" \/>\n<meta property=\"og:title\" content=\"Unsere Services I Xplain Data GmbH\" \/>\n<meta property=\"og:description\" content=\"Verwandeln Sie Ihre Real-World Daten durch unsere innovativen Causal AI-Algorithmen in eine intelligente Anwendung.\" \/>\n<meta property=\"og:url\" content=\"https:\/\/xplain-data.de\/de\/services\/\" \/>\n<meta property=\"og:site_name\" content=\"Xplain Data\" \/>\n<meta property=\"article:modified_time\" content=\"2024-06-17T18:57:44+00:00\" \/>\n<meta property=\"og:image\" content=\"https:\/\/xplain-data.de\/wp-content\/uploads\/2023\/01\/social-image.jpg\" \/>\n\t<meta property=\"og:image:width\" content=\"1280\" \/>\n\t<meta property=\"og:image:height\" content=\"720\" \/>\n\t<meta property=\"og:image:type\" content=\"image\/jpeg\" \/>\n<meta name=\"twitter:card\" content=\"summary_large_image\" \/>\n<meta name=\"twitter:label1\" content=\"Gesch\u00e4tzte Lesezeit\" \/>\n\t<meta name=\"twitter:data1\" content=\"2\u00a0Minuten\" \/>\n<script type=\"application\/ld+json\" class=\"yoast-schema-graph\">{\"@context\":\"https:\\\/\\\/schema.org\",\"@graph\":[{\"@type\":\"WebPage\",\"@id\":\"https:\\\/\\\/xplain-data.de\\\/de\\\/services\\\/\",\"url\":\"https:\\\/\\\/xplain-data.de\\\/de\\\/services\\\/\",\"name\":\"Unsere Services I Xplain Data GmbH\",\"isPartOf\":{\"@id\":\"https:\\\/\\\/xplain-data.de\\\/de\\\/#website\"},\"datePublished\":\"2022-06-22T08:01:04+00:00\",\"dateModified\":\"2024-06-17T18:57:44+00:00\",\"description\":\"Verwandeln Sie Ihre Real-World Daten durch unsere innovativen Causal AI-Algorithmen in eine intelligente Anwendung.\",\"breadcrumb\":{\"@id\":\"https:\\\/\\\/xplain-data.de\\\/de\\\/services\\\/#breadcrumb\"},\"inLanguage\":\"de\",\"potentialAction\":[{\"@type\":\"ReadAction\",\"target\":[\"https:\\\/\\\/xplain-data.de\\\/de\\\/services\\\/\"]}]},{\"@type\":\"BreadcrumbList\",\"@id\":\"https:\\\/\\\/xplain-data.de\\\/de\\\/services\\\/#breadcrumb\",\"itemListElement\":[{\"@type\":\"ListItem\",\"position\":1,\"name\":\"Home\",\"item\":\"https:\\\/\\\/xplain-data.de\\\/de\\\/\"},{\"@type\":\"ListItem\",\"position\":2,\"name\":\"Unsere Services\"}]},{\"@type\":\"WebSite\",\"@id\":\"https:\\\/\\\/xplain-data.de\\\/de\\\/#website\",\"url\":\"https:\\\/\\\/xplain-data.de\\\/de\\\/\",\"name\":\"Xplain Data\",\"description\":\"Uncover cause &amp; effect relationships in complex data - key to AI\",\"publisher\":{\"@id\":\"https:\\\/\\\/xplain-data.de\\\/de\\\/#organization\"},\"potentialAction\":[{\"@type\":\"SearchAction\",\"target\":{\"@type\":\"EntryPoint\",\"urlTemplate\":\"https:\\\/\\\/xplain-data.de\\\/de\\\/?s={search_term_string}\"},\"query-input\":{\"@type\":\"PropertyValueSpecification\",\"valueRequired\":true,\"valueName\":\"search_term_string\"}}],\"inLanguage\":\"de\"},{\"@type\":\"Organization\",\"@id\":\"https:\\\/\\\/xplain-data.de\\\/de\\\/#organization\",\"name\":\"Xplain Data GmbH\",\"url\":\"https:\\\/\\\/xplain-data.de\\\/de\\\/\",\"logo\":{\"@type\":\"ImageObject\",\"inLanguage\":\"de\",\"@id\":\"https:\\\/\\\/xplain-data.de\\\/de\\\/#\\\/schema\\\/logo\\\/image\\\/\",\"url\":\"https:\\\/\\\/xplain-data.de\\\/wp-content\\\/uploads\\\/2023\\\/01\\\/xplaindata_logo-claim-240.png\",\"contentUrl\":\"https:\\\/\\\/xplain-data.de\\\/wp-content\\\/uploads\\\/2023\\\/01\\\/xplaindata_logo-claim-240.png\",\"width\":609,\"height\":240,\"caption\":\"Xplain Data GmbH\"},\"image\":{\"@id\":\"https:\\\/\\\/xplain-data.de\\\/de\\\/#\\\/schema\\\/logo\\\/image\\\/\"},\"sameAs\":[\"https:\\\/\\\/www.linkedin.com\\\/company\\\/xplain-data-gmbh\\\/?viewAsMember=true\"]}]}<\/script>\n<!-- \/ Yoast SEO plugin. -->","yoast_head_json":{"title":"Unsere Services I Xplain Data GmbH","description":"Verwandeln Sie Ihre Real-World Daten durch unsere innovativen Causal AI-Algorithmen in eine intelligente Anwendung.","robots":{"index":"index","follow":"follow","max-snippet":"max-snippet:-1","max-image-preview":"max-image-preview:large","max-video-preview":"max-video-preview:-1"},"canonical":"https:\/\/xplain-data.de\/de\/services\/","og_locale":"de_DE","og_type":"article","og_title":"Unsere Services I Xplain Data GmbH","og_description":"Verwandeln Sie Ihre Real-World Daten durch unsere innovativen Causal AI-Algorithmen in eine intelligente Anwendung.","og_url":"https:\/\/xplain-data.de\/de\/services\/","og_site_name":"Xplain Data","article_modified_time":"2024-06-17T18:57:44+00:00","og_image":[{"width":1280,"height":720,"url":"https:\/\/xplain-data.de\/wp-content\/uploads\/2023\/01\/social-image.jpg","type":"image\/jpeg"}],"twitter_card":"summary_large_image","twitter_misc":{"Gesch\u00e4tzte Lesezeit":"2\u00a0Minuten"},"schema":{"@context":"https:\/\/schema.org","@graph":[{"@type":"WebPage","@id":"https:\/\/xplain-data.de\/de\/services\/","url":"https:\/\/xplain-data.de\/de\/services\/","name":"Unsere Services I Xplain Data GmbH","isPartOf":{"@id":"https:\/\/xplain-data.de\/de\/#website"},"datePublished":"2022-06-22T08:01:04+00:00","dateModified":"2024-06-17T18:57:44+00:00","description":"Verwandeln Sie Ihre Real-World Daten durch unsere innovativen Causal AI-Algorithmen in eine intelligente Anwendung.","breadcrumb":{"@id":"https:\/\/xplain-data.de\/de\/services\/#breadcrumb"},"inLanguage":"de","potentialAction":[{"@type":"ReadAction","target":["https:\/\/xplain-data.de\/de\/services\/"]}]},{"@type":"BreadcrumbList","@id":"https:\/\/xplain-data.de\/de\/services\/#breadcrumb","itemListElement":[{"@type":"ListItem","position":1,"name":"Home","item":"https:\/\/xplain-data.de\/de\/"},{"@type":"ListItem","position":2,"name":"Unsere Services"}]},{"@type":"WebSite","@id":"https:\/\/xplain-data.de\/de\/#website","url":"https:\/\/xplain-data.de\/de\/","name":"Xplain Data","description":"Uncover cause &amp; effect relationships in complex data - key to AI","publisher":{"@id":"https:\/\/xplain-data.de\/de\/#organization"},"potentialAction":[{"@type":"SearchAction","target":{"@type":"EntryPoint","urlTemplate":"https:\/\/xplain-data.de\/de\/?s={search_term_string}"},"query-input":{"@type":"PropertyValueSpecification","valueRequired":true,"valueName":"search_term_string"}}],"inLanguage":"de"},{"@type":"Organization","@id":"https:\/\/xplain-data.de\/de\/#organization","name":"Xplain Data GmbH","url":"https:\/\/xplain-data.de\/de\/","logo":{"@type":"ImageObject","inLanguage":"de","@id":"https:\/\/xplain-data.de\/de\/#\/schema\/logo\/image\/","url":"https:\/\/xplain-data.de\/wp-content\/uploads\/2023\/01\/xplaindata_logo-claim-240.png","contentUrl":"https:\/\/xplain-data.de\/wp-content\/uploads\/2023\/01\/xplaindata_logo-claim-240.png","width":609,"height":240,"caption":"Xplain Data GmbH"},"image":{"@id":"https:\/\/xplain-data.de\/de\/#\/schema\/logo\/image\/"},"sameAs":["https:\/\/www.linkedin.com\/company\/xplain-data-gmbh\/?viewAsMember=true"]}]}},"_links":{"self":[{"href":"https:\/\/xplain-data.de\/de\/wp-json\/wp\/v2\/pages\/1658","targetHints":{"allow":["GET"]}}],"collection":[{"href":"https:\/\/xplain-data.de\/de\/wp-json\/wp\/v2\/pages"}],"about":[{"href":"https:\/\/xplain-data.de\/de\/wp-json\/wp\/v2\/types\/page"}],"author":[{"embeddable":true,"href":"https:\/\/xplain-data.de\/de\/wp-json\/wp\/v2\/users\/1"}],"replies":[{"embeddable":true,"href":"https:\/\/xplain-data.de\/de\/wp-json\/wp\/v2\/comments?post=1658"}],"version-history":[{"count":18,"href":"https:\/\/xplain-data.de\/de\/wp-json\/wp\/v2\/pages\/1658\/revisions"}],"predecessor-version":[{"id":5723,"href":"https:\/\/xplain-data.de\/de\/wp-json\/wp\/v2\/pages\/1658\/revisions\/5723"}],"wp:attachment":[{"href":"https:\/\/xplain-data.de\/de\/wp-json\/wp\/v2\/media?parent=1658"}],"curies":[{"name":"wp","href":"https:\/\/api.w.org\/{rel}","templated":true}]}}