{"id":1674,"date":"2022-06-22T08:46:21","date_gmt":"2022-06-22T08:46:21","guid":{"rendered":"http:\/\/causal-discovery.blog\/?page_id=1674"},"modified":"2025-11-29T11:45:15","modified_gmt":"2025-11-29T11:45:15","slug":"partner","status":"publish","type":"page","link":"https:\/\/xplain-data.de\/de\/partner\/","title":{"rendered":"Partner"},"content":{"rendered":"<div class=\"wpb-content-wrapper\"><p>[vc_row gap=&#8220;35&#8243;][vc_column width=&#8220;1\/2&#8243;][vc_single_image image=&#8220;4207&#8243; img_size=&#8220;full&#8220; alignment=&#8220;center&#8220;]<div class=\"xplain_content_box type_left\"><div class=\"xplain_content_box_inner\"><a title=\"\" href=\"https:\/\/www.gesundheitsforen.net\/\"><\/a><h2>Gesundheitsforen<\/h2><div class=\"content_box_content\"><p>Die Gesundheitsforen entwickeln und implementieren praxisnahe L\u00f6sungen rund um das Management von Krankenversicherungen, Krankenh\u00e4usern und Pharmaunternehmen in Form von Beratung, Softwareentwicklung oder Datenanalysen. Mit ihrer umfangreichen analytischen Expertise sowie langj\u00e4hriger Erfahrung b\u00fcndeln die Gesundheitsforen vielf\u00e4ltige Kompetenzen und Methoden, darunter Predictive Analytics, Analysen im Zusammenhang mit der Morbi-RSA-Systematik und Versorgungsanalysen unter Verwendung der Xplain Data <a href=\"https:\/\/xplain-data.de\/de\/causal-discoverer\/\">Causal Discovery<\/a> Algorithmen.<\/p>\n<p>N\u00e4here Infos zur GFL Datalytics Xplain L\u00f6sung auf Basis unserer Technologie <a href=\"https:\/\/www.gesundheitsforen.net\/news\/datalytics-xplain-aus-daten-wissen-machen\/4272\">hier<\/a>.<\/p>\n<\/div><\/div><a class=\"content_box_btn\" href=\"https:\/\/www.gesundheitsforen.net\/\">Webseite besuchen<\/a><\/div>[\/vc_column][vc_column width=&#8220;1\/2&#8243;][vc_single_image image=&#8220;5826&#8243; img_size=&#8220;full&#8220; alignment=&#8220;center&#8220; css=&#8220;&#8220;]<div class=\"xplain_content_box type_left\"><div class=\"xplain_content_box_inner\"><a title=\"\" href=\"https:\/\/www.insight-health.de\/deu_de\/unsere-loesungen\/patient-insights.html\"><\/a><h2>INSIGHT Health GmbH &amp; Co. KG<\/h2><div class=\"content_box_content\"><p>Die Insight Health GmbH versteht sich als neutrales Unternehmen, das mit gr\u00f6\u00dfter Zuverl\u00e4ssigkeit Gesundheitsdaten verarbeitet und kundenspezifische L\u00f6sungen f\u00fcr alle Teilnehmer im Gesundheitsmarkt bereitstellt. Neben Unternehmen der Pharmaindustrie z\u00e4hlen auch Apotheken, \u00c4rztevereinigungen, Krankenversicherungen sowie wissenschaftliche und politische Institutionen zu den Kunden. Insight Health bietet innovative wie auch passgenaue L\u00f6sungen f\u00fcr Marktforschung, Sales Force Excellence, Targeting, Produktlebenszyklus, Versorgung &amp; Therapie, Market Access und Business Development. F\u00fcr anspruchsvolle Auswertungen ist hierbei die Xplain Data L\u00f6sung \u201ePatient Insights Analytics\u201c (PIA) im Einsatz.<\/p>\n<\/div><\/div><a class=\"content_box_btn\" href=\"https:\/\/www.insight-health.de\/deu_de\/unsere-loesungen\/patient-insights.html\">Webseite besuchen<\/a><\/div>[\/vc_column][\/vc_row][vc_row gap=&#8220;35&#8243;][vc_column width=&#8220;1\/2&#8243;][vc_single_image image=&#8220;4208&#8243; img_size=&#8220;full&#8220; alignment=&#8220;center&#8220;]<div class=\"xplain_content_box type_left\"><div class=\"xplain_content_box_inner\"><a title=\"\" href=\"https:\/\/sw-machines.com\/en\/\"><\/a><h2>Schw\u00e4bische Werkzeugmaschinen GmbH<\/h2><div class=\"content_box_content\"><p>Die international agierende Schw\u00e4bische Werkzeugmaschinen GmbH (SW) ist erfolgreicher, expandierender Systempartner f\u00fcr Fertigungs- und Zerspanungsl\u00f6sungen. SW plant komplette Fertigungslinien mit einer perfekt auf die Bauteile abgestimmten Automatisierung und ist als Lieferant von werkst\u00fcckspezifischen L\u00f6sungen f\u00fcr die anspruchsvolle Serienfertigung bekannt. In Kooperation mit Xplain Data hat SW Analysemethoden f\u00fcr Produktionsdaten entwickelt, um Ursachen f\u00fcr Produktionsfehler zu erkennen und zu eliminieren sowie der Implementierung von <a href=\"https:\/\/en.wikipedia.org\/wiki\/Predictive_maintenance\">Predictive Maintenance<\/a>.<\/p>\n<\/div><\/div><a class=\"content_box_btn\" href=\"https:\/\/sw-machines.com\/en\/\">Webseite besuchen<\/a><\/div>[\/vc_column][vc_column width=&#8220;1\/2&#8243;][vc_single_image image=&#8220;6849&#8243; img_size=&#8220;full&#8220; alignment=&#8220;center&#8220; css=&#8220;&#8220;]<div class=\"xplain_content_box type_left\"><div class=\"xplain_content_box_inner\"><a title=\"\" href=\"https:\/\/www.smartrep.de\/\"><\/a><h2>SmartRep GmbH<\/h2><div class=\"content_box_content\"><p>SmartRep ist ein spezialisierter Vertriebs- und Servicepartner f\u00fcr die Elektronikfertigung in der DACH-Region. Mit \u00fcber 20 Jahren Erfahrung und umfassender Expertise entlang der SMT-Linie bietet SmartRep ein sorgf\u00e4ltig ausgew\u00e4hltes Portfolio aus f\u00fchrenden und innovativen Technologien. Als langj\u00e4hriger Partner globaler Technologief\u00fchrer wie Koh Young liegt der Fokus auf L\u00f6sungen, die echten technologischen Vorsprung und nachhaltige Prozessverbesserungen erm\u00f6glichen \u2013 weshalb Xplain Data <a href=\"https:\/\/xplain-data.de\/de\/services\/elektronik-produktion\/\"><strong>CausalDiscoverer YieldPro<\/strong><\/a> perfekt ins Portfolio passt. Durch die enge Zusammenarbeit mit Kunden und Lieferanten tr\u00e4gt SmartRep aktiv zur Weiterentwicklung der SMT-Branche bei.<\/p>\n<\/div><\/div><a class=\"content_box_btn\" href=\"https:\/\/www.smartrep.de\/\">Webseite besuchen<\/a><\/div>[\/vc_column][\/vc_row]<\/p>\n<\/div>","protected":false},"excerpt":{"rendered":"<p>[vc_row gap=&#8220;35&#8243;][vc_column width=&#8220;1\/2&#8243;][vc_single_image image=&#8220;4207&#8243; img_size=&#8220;full&#8220; alignment=&#8220;center&#8220;][\/vc_column][vc_column width=&#8220;1\/2&#8243;][vc_single_image image=&#8220;5826&#8243; img_size=&#8220;full&#8220; alignment=&#8220;center&#8220; css=&#8220;&#8220;][\/vc_column][\/vc_row][vc_row gap=&#8220;35&#8243;][vc_column width=&#8220;1\/2&#8243;][vc_single_image image=&#8220;4208&#8243; img_size=&#8220;full&#8220; alignment=&#8220;center&#8220;][\/vc_column][vc_column width=&#8220;1\/2&#8243;][vc_single_image image=&#8220;6849&#8243; img_size=&#8220;full&#8220; alignment=&#8220;center&#8220; css=&#8220;&#8220;][\/vc_column][\/vc_row]<\/p>\n","protected":false},"author":1,"featured_media":0,"parent":0,"menu_order":0,"comment_status":"closed","ping_status":"closed","template":"","meta":{"inline_featured_image":false,"footnotes":""},"class_list":["post-1674","page","type-page","status-publish","hentry","description-off"],"yoast_head":"<!-- This site is optimized with the Yoast SEO plugin v27.3 - https:\/\/yoast.com\/product\/yoast-seo-wordpress\/ -->\n<title>Partner I Xplain Data GmbH<\/title>\n<meta name=\"description\" content=\"Wir vertreiben unsere Produkte \u00fcber branchenspezifische Partner. Interesse an einer Zusammenarbeit? Kontaktieren Sie uns.\" \/>\n<meta name=\"robots\" content=\"index, follow, max-snippet:-1, max-image-preview:large, max-video-preview:-1\" \/>\n<link rel=\"canonical\" href=\"https:\/\/xplain-data.de\/de\/partner\/\" \/>\n<meta property=\"og:locale\" content=\"de_DE\" \/>\n<meta property=\"og:type\" content=\"article\" \/>\n<meta property=\"og:title\" content=\"Partner I Xplain Data GmbH\" \/>\n<meta property=\"og:description\" content=\"Wir vertreiben unsere Produkte \u00fcber branchenspezifische Partner. Interesse an einer Zusammenarbeit? Kontaktieren Sie uns.\" \/>\n<meta property=\"og:url\" content=\"https:\/\/xplain-data.de\/de\/partner\/\" \/>\n<meta property=\"og:site_name\" content=\"Xplain Data\" \/>\n<meta property=\"article:modified_time\" content=\"2025-11-29T11:45:15+00:00\" \/>\n<meta property=\"og:image\" content=\"https:\/\/xplain-data.de\/wp-content\/uploads\/2023\/01\/social-image.jpg\" \/>\n\t<meta property=\"og:image:width\" content=\"1280\" \/>\n\t<meta property=\"og:image:height\" content=\"720\" \/>\n\t<meta property=\"og:image:type\" content=\"image\/jpeg\" \/>\n<meta name=\"twitter:card\" content=\"summary_large_image\" \/>\n<meta name=\"twitter:label1\" content=\"Gesch\u00e4tzte Lesezeit\" \/>\n\t<meta name=\"twitter:data1\" content=\"3\u00a0Minuten\" \/>\n<script type=\"application\/ld+json\" class=\"yoast-schema-graph\">{\"@context\":\"https:\\\/\\\/schema.org\",\"@graph\":[{\"@type\":\"WebPage\",\"@id\":\"https:\\\/\\\/xplain-data.de\\\/de\\\/partner\\\/\",\"url\":\"https:\\\/\\\/xplain-data.de\\\/de\\\/partner\\\/\",\"name\":\"Partner I Xplain Data GmbH\",\"isPartOf\":{\"@id\":\"https:\\\/\\\/xplain-data.de\\\/de\\\/#website\"},\"datePublished\":\"2022-06-22T08:46:21+00:00\",\"dateModified\":\"2025-11-29T11:45:15+00:00\",\"description\":\"Wir vertreiben unsere Produkte \u00fcber branchenspezifische Partner. Interesse an einer Zusammenarbeit? Kontaktieren Sie uns.\",\"breadcrumb\":{\"@id\":\"https:\\\/\\\/xplain-data.de\\\/de\\\/partner\\\/#breadcrumb\"},\"inLanguage\":\"de\",\"potentialAction\":[{\"@type\":\"ReadAction\",\"target\":[\"https:\\\/\\\/xplain-data.de\\\/de\\\/partner\\\/\"]}]},{\"@type\":\"BreadcrumbList\",\"@id\":\"https:\\\/\\\/xplain-data.de\\\/de\\\/partner\\\/#breadcrumb\",\"itemListElement\":[{\"@type\":\"ListItem\",\"position\":1,\"name\":\"Home\",\"item\":\"https:\\\/\\\/xplain-data.de\\\/de\\\/\"},{\"@type\":\"ListItem\",\"position\":2,\"name\":\"Partner\"}]},{\"@type\":\"WebSite\",\"@id\":\"https:\\\/\\\/xplain-data.de\\\/de\\\/#website\",\"url\":\"https:\\\/\\\/xplain-data.de\\\/de\\\/\",\"name\":\"Xplain Data\",\"description\":\"Uncover cause &amp; effect relationships in complex data - key to AI\",\"publisher\":{\"@id\":\"https:\\\/\\\/xplain-data.de\\\/de\\\/#organization\"},\"potentialAction\":[{\"@type\":\"SearchAction\",\"target\":{\"@type\":\"EntryPoint\",\"urlTemplate\":\"https:\\\/\\\/xplain-data.de\\\/de\\\/?s={search_term_string}\"},\"query-input\":{\"@type\":\"PropertyValueSpecification\",\"valueRequired\":true,\"valueName\":\"search_term_string\"}}],\"inLanguage\":\"de\"},{\"@type\":\"Organization\",\"@id\":\"https:\\\/\\\/xplain-data.de\\\/de\\\/#organization\",\"name\":\"Xplain Data GmbH\",\"url\":\"https:\\\/\\\/xplain-data.de\\\/de\\\/\",\"logo\":{\"@type\":\"ImageObject\",\"inLanguage\":\"de\",\"@id\":\"https:\\\/\\\/xplain-data.de\\\/de\\\/#\\\/schema\\\/logo\\\/image\\\/\",\"url\":\"https:\\\/\\\/xplain-data.de\\\/wp-content\\\/uploads\\\/2023\\\/01\\\/xplaindata_logo-claim-240.png\",\"contentUrl\":\"https:\\\/\\\/xplain-data.de\\\/wp-content\\\/uploads\\\/2023\\\/01\\\/xplaindata_logo-claim-240.png\",\"width\":609,\"height\":240,\"caption\":\"Xplain Data GmbH\"},\"image\":{\"@id\":\"https:\\\/\\\/xplain-data.de\\\/de\\\/#\\\/schema\\\/logo\\\/image\\\/\"},\"sameAs\":[\"https:\\\/\\\/www.linkedin.com\\\/company\\\/xplain-data-gmbh\\\/?viewAsMember=true\"]}]}<\/script>\n<!-- \/ Yoast SEO plugin. -->","yoast_head_json":{"title":"Partner I Xplain Data GmbH","description":"Wir vertreiben unsere Produkte \u00fcber branchenspezifische Partner. Interesse an einer Zusammenarbeit? Kontaktieren Sie uns.","robots":{"index":"index","follow":"follow","max-snippet":"max-snippet:-1","max-image-preview":"max-image-preview:large","max-video-preview":"max-video-preview:-1"},"canonical":"https:\/\/xplain-data.de\/de\/partner\/","og_locale":"de_DE","og_type":"article","og_title":"Partner I Xplain Data GmbH","og_description":"Wir vertreiben unsere Produkte \u00fcber branchenspezifische Partner. Interesse an einer Zusammenarbeit? Kontaktieren Sie uns.","og_url":"https:\/\/xplain-data.de\/de\/partner\/","og_site_name":"Xplain Data","article_modified_time":"2025-11-29T11:45:15+00:00","og_image":[{"width":1280,"height":720,"url":"https:\/\/xplain-data.de\/wp-content\/uploads\/2023\/01\/social-image.jpg","type":"image\/jpeg"}],"twitter_card":"summary_large_image","twitter_misc":{"Gesch\u00e4tzte Lesezeit":"3\u00a0Minuten"},"schema":{"@context":"https:\/\/schema.org","@graph":[{"@type":"WebPage","@id":"https:\/\/xplain-data.de\/de\/partner\/","url":"https:\/\/xplain-data.de\/de\/partner\/","name":"Partner I Xplain Data GmbH","isPartOf":{"@id":"https:\/\/xplain-data.de\/de\/#website"},"datePublished":"2022-06-22T08:46:21+00:00","dateModified":"2025-11-29T11:45:15+00:00","description":"Wir vertreiben unsere Produkte \u00fcber branchenspezifische Partner. Interesse an einer Zusammenarbeit? Kontaktieren Sie uns.","breadcrumb":{"@id":"https:\/\/xplain-data.de\/de\/partner\/#breadcrumb"},"inLanguage":"de","potentialAction":[{"@type":"ReadAction","target":["https:\/\/xplain-data.de\/de\/partner\/"]}]},{"@type":"BreadcrumbList","@id":"https:\/\/xplain-data.de\/de\/partner\/#breadcrumb","itemListElement":[{"@type":"ListItem","position":1,"name":"Home","item":"https:\/\/xplain-data.de\/de\/"},{"@type":"ListItem","position":2,"name":"Partner"}]},{"@type":"WebSite","@id":"https:\/\/xplain-data.de\/de\/#website","url":"https:\/\/xplain-data.de\/de\/","name":"Xplain Data","description":"Uncover cause &amp; effect relationships in complex data - key to AI","publisher":{"@id":"https:\/\/xplain-data.de\/de\/#organization"},"potentialAction":[{"@type":"SearchAction","target":{"@type":"EntryPoint","urlTemplate":"https:\/\/xplain-data.de\/de\/?s={search_term_string}"},"query-input":{"@type":"PropertyValueSpecification","valueRequired":true,"valueName":"search_term_string"}}],"inLanguage":"de"},{"@type":"Organization","@id":"https:\/\/xplain-data.de\/de\/#organization","name":"Xplain Data GmbH","url":"https:\/\/xplain-data.de\/de\/","logo":{"@type":"ImageObject","inLanguage":"de","@id":"https:\/\/xplain-data.de\/de\/#\/schema\/logo\/image\/","url":"https:\/\/xplain-data.de\/wp-content\/uploads\/2023\/01\/xplaindata_logo-claim-240.png","contentUrl":"https:\/\/xplain-data.de\/wp-content\/uploads\/2023\/01\/xplaindata_logo-claim-240.png","width":609,"height":240,"caption":"Xplain Data GmbH"},"image":{"@id":"https:\/\/xplain-data.de\/de\/#\/schema\/logo\/image\/"},"sameAs":["https:\/\/www.linkedin.com\/company\/xplain-data-gmbh\/?viewAsMember=true"]}]}},"_links":{"self":[{"href":"https:\/\/xplain-data.de\/de\/wp-json\/wp\/v2\/pages\/1674","targetHints":{"allow":["GET"]}}],"collection":[{"href":"https:\/\/xplain-data.de\/de\/wp-json\/wp\/v2\/pages"}],"about":[{"href":"https:\/\/xplain-data.de\/de\/wp-json\/wp\/v2\/types\/page"}],"author":[{"embeddable":true,"href":"https:\/\/xplain-data.de\/de\/wp-json\/wp\/v2\/users\/1"}],"replies":[{"embeddable":true,"href":"https:\/\/xplain-data.de\/de\/wp-json\/wp\/v2\/comments?post=1674"}],"version-history":[{"count":22,"href":"https:\/\/xplain-data.de\/de\/wp-json\/wp\/v2\/pages\/1674\/revisions"}],"predecessor-version":[{"id":7045,"href":"https:\/\/xplain-data.de\/de\/wp-json\/wp\/v2\/pages\/1674\/revisions\/7045"}],"wp:attachment":[{"href":"https:\/\/xplain-data.de\/de\/wp-json\/wp\/v2\/media?parent=1674"}],"curies":[{"name":"wp","href":"https:\/\/api.w.org\/{rel}","templated":true}]}}