{"id":5442,"date":"2023-10-12T10:24:49","date_gmt":"2023-10-12T10:24:49","guid":{"rendered":"https:\/\/xplain-data.de\/?page_id=5442"},"modified":"2024-11-06T16:12:59","modified_gmt":"2024-11-06T16:12:59","slug":"causal-discoverybot","status":"publish","type":"page","link":"https:\/\/xplain-data.de\/de\/causal-discoverybot\/","title":{"rendered":"Xplain Data Causal DiscoveryBot (XCB)"},"content":{"rendered":"<div class=\"wpb-content-wrapper\"><p>[vc_row][vc_column][vc_column_text]<\/p>\n<h3>Der autonome Causal DiscoveryBot meldet unerw\u00fcnschte Ereignisse aus der Produktionsanlage<\/h3>\n<p>[\/vc_column_text][\/vc_column][\/vc_row][vc_row gap=&#8220;35&#8243;][vc_column width=&#8220;1\/2&#8243;]<div class=\"xplain_content_box type_left\"><div class=\"xplain_content_box_inner\"><div class=\"xplain_content_box_image\"><img decoding=\"async\" width=\"183\" height=\"183\" src=\"https:\/\/xplain-data.de\/wp-content\/uploads\/2023\/12\/Bot_Square.png\" class=\"attachment-news-box size-news-box\" alt=\"\" srcset=\"https:\/\/xplain-data.de\/wp-content\/uploads\/2023\/12\/Bot_Square.png 183w, https:\/\/xplain-data.de\/wp-content\/uploads\/2023\/12\/Bot_Square-150x150.png 150w\" sizes=\"(max-width: 183px) 100vw, 183px\" \/><\/div><h2><\/h2><div class=\"content_box_content\"><h5>Revolution\u00e4re Produktions\u00fcberwachung mit dem autonomen Causal DiscoveryBot<\/h5>\n<p>Der bahnbrechende Bot arbeitet unauff\u00e4llig im Hintergrund einer Produktionsanlage und f\u00fchrt eine kontinuierliche Analyse aller Produktionsschritte durch. Seine Mission: Potenzielle Probleme und Ursachen, die die Produktionslinie gef\u00e4hrden k\u00f6nnten, fr\u00fchzeitig zu erkennen.<\/p>\n<h5>Sofortige Alarmierung und effektive Gegenma\u00dfnahmen dank Causal DiscoveryBot<\/h5>\n<p>Wenn neue Kausalfaktoren auftauchen und signifikant werden, erfolgt eine sofortige Benachrichtigung der betroffenen Abteilungen und Stakeholder &#8211; per E-Mail, Slack oder einem anderen Kanal. Der DiscoveryBot erm\u00f6glicht so eine zeitnahe Reaktion und effektive Gegenma\u00dfnahmen, um die Qualit\u00e4t und Effizienz der Produktion zu sichern.<\/p>\n<p>Der DiscoveryBot fungiert als zuverl\u00e4ssige Versicherung, um rechtzeitig auf unerw\u00fcnschte Ver\u00e4nderungen sowie deren Ursachen und Faktoren aufmerksam zu werden.<\/p>\n<\/div><\/div><\/div>[\/vc_column][vc_column width=&#8220;1\/2&#8243;][vc_single_image image=&#8220;5406&#8243; img_size=&#8220;large&#8220; alignment=&#8220;center&#8220; onclick=&#8220;link_image&#8220;][\/vc_column][\/vc_row]<\/p>\n<\/div>","protected":false},"excerpt":{"rendered":"<p>[vc_row][vc_column][vc_column_text] Der autonome Causal DiscoveryBot meldet unerw\u00fcnschte Ereignisse aus der Produktionsanlage [\/vc_column_text][\/vc_column][\/vc_row][vc_row gap=&#8220;35&#8243;][vc_column width=&#8220;1\/2&#8243;][\/vc_column][vc_column width=&#8220;1\/2&#8243;][vc_single_image image=&#8220;5406&#8243; img_size=&#8220;large&#8220; alignment=&#8220;center&#8220; onclick=&#8220;link_image&#8220;][\/vc_column][\/vc_row]<\/p>\n","protected":false},"author":10,"featured_media":0,"parent":0,"menu_order":0,"comment_status":"closed","ping_status":"closed","template":"","meta":{"inline_featured_image":false,"footnotes":""},"class_list":["post-5442","page","type-page","status-publish","hentry","description-off"],"yoast_head":"<!-- This site is optimized with the Yoast SEO plugin v27.3 - https:\/\/yoast.com\/product\/yoast-seo-wordpress\/ -->\n<title>Xplain Data Causal DiscoveryBot (XCB)<\/title>\n<meta name=\"description\" content=\"Der autonome Bot sendet fr\u00fchzeitige Benachrichtigung \u00fcber aufkommende Probleme &amp; Ursachen, die Ihre Produktionslinie gef\u00e4hrden k\u00f6nnten.\" \/>\n<meta name=\"robots\" content=\"index, follow, max-snippet:-1, max-image-preview:large, max-video-preview:-1\" \/>\n<link rel=\"canonical\" href=\"https:\/\/xplain-data.de\/de\/causal-discoverybot\/\" \/>\n<meta property=\"og:locale\" content=\"de_DE\" \/>\n<meta property=\"og:type\" content=\"article\" \/>\n<meta property=\"og:title\" content=\"Xplain Data Causal DiscoveryBot (XCB)\" \/>\n<meta property=\"og:description\" content=\"Der autonome Bot sendet fr\u00fchzeitige Benachrichtigung \u00fcber aufkommende Probleme &amp; Ursachen, die Ihre Produktionslinie gef\u00e4hrden k\u00f6nnten.\" \/>\n<meta property=\"og:url\" content=\"https:\/\/xplain-data.de\/de\/causal-discoverybot\/\" \/>\n<meta property=\"og:site_name\" content=\"Xplain Data\" \/>\n<meta property=\"article:modified_time\" content=\"2024-11-06T16:12:59+00:00\" \/>\n<meta property=\"og:image\" content=\"https:\/\/xplain-data.de\/wp-content\/uploads\/2023\/01\/social-image.jpg\" \/>\n\t<meta property=\"og:image:width\" content=\"1280\" \/>\n\t<meta property=\"og:image:height\" content=\"720\" \/>\n\t<meta property=\"og:image:type\" content=\"image\/jpeg\" \/>\n<meta name=\"twitter:card\" content=\"summary_large_image\" \/>\n<meta name=\"twitter:label1\" content=\"Gesch\u00e4tzte Lesezeit\" \/>\n\t<meta name=\"twitter:data1\" content=\"1\u00a0Minute\" \/>\n<script type=\"application\/ld+json\" class=\"yoast-schema-graph\">{\"@context\":\"https:\\\/\\\/schema.org\",\"@graph\":[{\"@type\":\"WebPage\",\"@id\":\"https:\\\/\\\/xplain-data.de\\\/de\\\/causal-discoverybot\\\/\",\"url\":\"https:\\\/\\\/xplain-data.de\\\/de\\\/causal-discoverybot\\\/\",\"name\":\"Xplain Data Causal DiscoveryBot (XCB)\",\"isPartOf\":{\"@id\":\"https:\\\/\\\/xplain-data.de\\\/de\\\/#website\"},\"datePublished\":\"2023-10-12T10:24:49+00:00\",\"dateModified\":\"2024-11-06T16:12:59+00:00\",\"description\":\"Der autonome Bot sendet fr\u00fchzeitige Benachrichtigung \u00fcber aufkommende Probleme & Ursachen, die Ihre Produktionslinie gef\u00e4hrden k\u00f6nnten.\",\"breadcrumb\":{\"@id\":\"https:\\\/\\\/xplain-data.de\\\/de\\\/causal-discoverybot\\\/#breadcrumb\"},\"inLanguage\":\"de\",\"potentialAction\":[{\"@type\":\"ReadAction\",\"target\":[\"https:\\\/\\\/xplain-data.de\\\/de\\\/causal-discoverybot\\\/\"]}]},{\"@type\":\"BreadcrumbList\",\"@id\":\"https:\\\/\\\/xplain-data.de\\\/de\\\/causal-discoverybot\\\/#breadcrumb\",\"itemListElement\":[{\"@type\":\"ListItem\",\"position\":1,\"name\":\"Home\",\"item\":\"https:\\\/\\\/xplain-data.de\\\/de\\\/\"},{\"@type\":\"ListItem\",\"position\":2,\"name\":\"Xplain Data Causal DiscoveryBot (XCB)\"}]},{\"@type\":\"WebSite\",\"@id\":\"https:\\\/\\\/xplain-data.de\\\/de\\\/#website\",\"url\":\"https:\\\/\\\/xplain-data.de\\\/de\\\/\",\"name\":\"Xplain Data\",\"description\":\"Uncover cause &amp; effect relationships in complex data - key to AI\",\"publisher\":{\"@id\":\"https:\\\/\\\/xplain-data.de\\\/de\\\/#organization\"},\"potentialAction\":[{\"@type\":\"SearchAction\",\"target\":{\"@type\":\"EntryPoint\",\"urlTemplate\":\"https:\\\/\\\/xplain-data.de\\\/de\\\/?s={search_term_string}\"},\"query-input\":{\"@type\":\"PropertyValueSpecification\",\"valueRequired\":true,\"valueName\":\"search_term_string\"}}],\"inLanguage\":\"de\"},{\"@type\":\"Organization\",\"@id\":\"https:\\\/\\\/xplain-data.de\\\/de\\\/#organization\",\"name\":\"Xplain Data GmbH\",\"url\":\"https:\\\/\\\/xplain-data.de\\\/de\\\/\",\"logo\":{\"@type\":\"ImageObject\",\"inLanguage\":\"de\",\"@id\":\"https:\\\/\\\/xplain-data.de\\\/de\\\/#\\\/schema\\\/logo\\\/image\\\/\",\"url\":\"https:\\\/\\\/xplain-data.de\\\/wp-content\\\/uploads\\\/2023\\\/01\\\/xplaindata_logo-claim-240.png\",\"contentUrl\":\"https:\\\/\\\/xplain-data.de\\\/wp-content\\\/uploads\\\/2023\\\/01\\\/xplaindata_logo-claim-240.png\",\"width\":609,\"height\":240,\"caption\":\"Xplain Data GmbH\"},\"image\":{\"@id\":\"https:\\\/\\\/xplain-data.de\\\/de\\\/#\\\/schema\\\/logo\\\/image\\\/\"},\"sameAs\":[\"https:\\\/\\\/www.linkedin.com\\\/company\\\/xplain-data-gmbh\\\/?viewAsMember=true\"]}]}<\/script>\n<!-- \/ Yoast SEO plugin. -->","yoast_head_json":{"title":"Xplain Data Causal DiscoveryBot (XCB)","description":"Der autonome Bot sendet fr\u00fchzeitige Benachrichtigung \u00fcber aufkommende Probleme & Ursachen, die Ihre Produktionslinie gef\u00e4hrden k\u00f6nnten.","robots":{"index":"index","follow":"follow","max-snippet":"max-snippet:-1","max-image-preview":"max-image-preview:large","max-video-preview":"max-video-preview:-1"},"canonical":"https:\/\/xplain-data.de\/de\/causal-discoverybot\/","og_locale":"de_DE","og_type":"article","og_title":"Xplain Data Causal DiscoveryBot (XCB)","og_description":"Der autonome Bot sendet fr\u00fchzeitige Benachrichtigung \u00fcber aufkommende Probleme & Ursachen, die Ihre Produktionslinie gef\u00e4hrden k\u00f6nnten.","og_url":"https:\/\/xplain-data.de\/de\/causal-discoverybot\/","og_site_name":"Xplain Data","article_modified_time":"2024-11-06T16:12:59+00:00","og_image":[{"width":1280,"height":720,"url":"https:\/\/xplain-data.de\/wp-content\/uploads\/2023\/01\/social-image.jpg","type":"image\/jpeg"}],"twitter_card":"summary_large_image","twitter_misc":{"Gesch\u00e4tzte Lesezeit":"1\u00a0Minute"},"schema":{"@context":"https:\/\/schema.org","@graph":[{"@type":"WebPage","@id":"https:\/\/xplain-data.de\/de\/causal-discoverybot\/","url":"https:\/\/xplain-data.de\/de\/causal-discoverybot\/","name":"Xplain Data Causal DiscoveryBot (XCB)","isPartOf":{"@id":"https:\/\/xplain-data.de\/de\/#website"},"datePublished":"2023-10-12T10:24:49+00:00","dateModified":"2024-11-06T16:12:59+00:00","description":"Der autonome Bot sendet fr\u00fchzeitige Benachrichtigung \u00fcber aufkommende Probleme & Ursachen, die Ihre Produktionslinie gef\u00e4hrden k\u00f6nnten.","breadcrumb":{"@id":"https:\/\/xplain-data.de\/de\/causal-discoverybot\/#breadcrumb"},"inLanguage":"de","potentialAction":[{"@type":"ReadAction","target":["https:\/\/xplain-data.de\/de\/causal-discoverybot\/"]}]},{"@type":"BreadcrumbList","@id":"https:\/\/xplain-data.de\/de\/causal-discoverybot\/#breadcrumb","itemListElement":[{"@type":"ListItem","position":1,"name":"Home","item":"https:\/\/xplain-data.de\/de\/"},{"@type":"ListItem","position":2,"name":"Xplain Data Causal DiscoveryBot (XCB)"}]},{"@type":"WebSite","@id":"https:\/\/xplain-data.de\/de\/#website","url":"https:\/\/xplain-data.de\/de\/","name":"Xplain Data","description":"Uncover cause &amp; effect relationships in complex data - key to AI","publisher":{"@id":"https:\/\/xplain-data.de\/de\/#organization"},"potentialAction":[{"@type":"SearchAction","target":{"@type":"EntryPoint","urlTemplate":"https:\/\/xplain-data.de\/de\/?s={search_term_string}"},"query-input":{"@type":"PropertyValueSpecification","valueRequired":true,"valueName":"search_term_string"}}],"inLanguage":"de"},{"@type":"Organization","@id":"https:\/\/xplain-data.de\/de\/#organization","name":"Xplain Data GmbH","url":"https:\/\/xplain-data.de\/de\/","logo":{"@type":"ImageObject","inLanguage":"de","@id":"https:\/\/xplain-data.de\/de\/#\/schema\/logo\/image\/","url":"https:\/\/xplain-data.de\/wp-content\/uploads\/2023\/01\/xplaindata_logo-claim-240.png","contentUrl":"https:\/\/xplain-data.de\/wp-content\/uploads\/2023\/01\/xplaindata_logo-claim-240.png","width":609,"height":240,"caption":"Xplain Data GmbH"},"image":{"@id":"https:\/\/xplain-data.de\/de\/#\/schema\/logo\/image\/"},"sameAs":["https:\/\/www.linkedin.com\/company\/xplain-data-gmbh\/?viewAsMember=true"]}]}},"_links":{"self":[{"href":"https:\/\/xplain-data.de\/de\/wp-json\/wp\/v2\/pages\/5442","targetHints":{"allow":["GET"]}}],"collection":[{"href":"https:\/\/xplain-data.de\/de\/wp-json\/wp\/v2\/pages"}],"about":[{"href":"https:\/\/xplain-data.de\/de\/wp-json\/wp\/v2\/types\/page"}],"author":[{"embeddable":true,"href":"https:\/\/xplain-data.de\/de\/wp-json\/wp\/v2\/users\/10"}],"replies":[{"embeddable":true,"href":"https:\/\/xplain-data.de\/de\/wp-json\/wp\/v2\/comments?post=5442"}],"version-history":[{"count":5,"href":"https:\/\/xplain-data.de\/de\/wp-json\/wp\/v2\/pages\/5442\/revisions"}],"predecessor-version":[{"id":5953,"href":"https:\/\/xplain-data.de\/de\/wp-json\/wp\/v2\/pages\/5442\/revisions\/5953"}],"wp:attachment":[{"href":"https:\/\/xplain-data.de\/de\/wp-json\/wp\/v2\/media?parent=5442"}],"curies":[{"name":"wp","href":"https:\/\/api.w.org\/{rel}","templated":true}]}}