{"id":6481,"date":"2025-07-20T07:50:21","date_gmt":"2025-07-20T07:50:21","guid":{"rendered":"https:\/\/xplain-data.de\/?page_id=6481"},"modified":"2025-07-24T10:39:53","modified_gmt":"2025-07-24T10:39:53","slug":"diskrete-fertigung","status":"publish","type":"page","link":"https:\/\/xplain-data.de\/de\/services\/diskrete-fertigung\/","title":{"rendered":"Diskrete Fertigung"},"content":{"rendered":"<div class=\"wpb-content-wrapper\"><p>[vc_row][vc_column][vc_column_text css=&#8220;&#8220;]<\/p>\n<h3 data-start=\"278\" data-end=\"318\">Intelligente Fertigung mit Causal AI<\/h3>\n<p data-start=\"320\" data-end=\"583\">Nutzen Sie das volle Potenzial Ihrer Produktionsdaten \u2013 mit der Causal AI-Technologie von Xplain Data. Unsere L\u00f6sung erm\u00f6glicht es Unternehmen in der diskreten Fertigung, \u00fcber klassische Analysen hinauszugehen und echte Ursache-Wirkungs-Zusammenh\u00e4nge zu erkennen.<\/p>\n<p data-start=\"585\" data-end=\"612\">Mit Xplain Data Causal AI:<\/p>\n<ul data-start=\"613\" data-end=\"903\">\n<li data-start=\"613\" data-end=\"673\">\n<p data-start=\"615\" data-end=\"673\">Ursachen von Qualit\u00e4tsproblemen automatisch identifizieren<\/p>\n<\/li>\n<li data-start=\"674\" data-end=\"740\">\n<p data-start=\"676\" data-end=\"740\">\u201eWhat-if\u201c-Szenarien simulieren, bevor Ma\u00dfnahmen umgesetzt werden<\/p>\n<\/li>\n<li data-start=\"741\" data-end=\"827\">\n<p data-start=\"743\" data-end=\"827\">Anomalien fr\u00fchzeitig erkennen und Stillst\u00e4nde, Ausschuss sowie Nacharbeit minimieren<\/p>\n<\/li>\n<li data-start=\"828\" data-end=\"903\">\n<p data-start=\"830\" data-end=\"903\">Neue Fehlerursachen kontinuierlich \u00fcberwachen \u2013 bevor sie kritisch werden<\/p>\n<\/li>\n<\/ul>\n<p data-start=\"905\" data-end=\"929\">Unsere Plattform inkludiert:<\/p>\n<ul data-start=\"930\" data-end=\"1283\">\n<li data-start=\"930\" data-end=\"1047\">\n<p data-start=\"932\" data-end=\"1047\"><a href=\"https:\/\/xplain-data.de\/de\/causal-discoverer\/\"><strong data-start=\"932\" data-end=\"952\">CausalDiscoverer<\/strong><\/a>: Deckt kausale Einflussfaktoren auf (RCA) und hilft Teams, gezielte Ma\u00dfnahmen zu ergreifen.<\/p>\n<\/li>\n<li data-start=\"1048\" data-end=\"1164\">\n<p data-start=\"1050\" data-end=\"1164\"><a href=\"https:\/\/xplain-data.de\/de\/causal-discoverybot\/\"><strong data-start=\"1050\" data-end=\"1066\">Causal DiscoveryBot<\/strong><\/a>: Automatisierte Ursachenanalyse im Hintergrund mit Benachrichtigungen per Messanger oder E-Mail.<\/p>\n<\/li>\n<li data-start=\"1165\" data-end=\"1283\">\n<p data-start=\"1167\" data-end=\"1283\"><a href=\"https:\/\/xplain-data.de\/de\/object-analytics-database\/\"><strong data-start=\"1167\" data-end=\"1186\">ObjectAnalytics Datenbank<\/strong><\/a>: Prozess\u00fcbergreifender 360 \u00b0 Blick auf die Produktionsdaten (Maschinen, Teile und Prozesse) durch objekt-zentrierte Datenhaltung<\/p>\n<\/li>\n<\/ul>\n<p>[\/vc_column_text][vc_row_inner][vc_column_inner width=&#8220;2\/3&#8243;][vc_single_image image=&#8220;6513&#8243; img_size=&#8220;large&#8220; css=&#8220;&#8220;][\/vc_column_inner][vc_column_inner width=&#8220;1\/3&#8243;][\/vc_column_inner][\/vc_row_inner][vc_column_text css=&#8220;&#8220;]Unsere Technologie ist speziell f\u00fcr komplexe Fertigungsumgebungen entwickelt, l\u00e4sst sich nahtlos integrieren und skaliert mit Ihren Anforderungen \u2013 f\u00fcr schnellere Entscheidungen und nachhaltige Qualit\u00e4tsverbesserung.<\/p>\n<p data-start=\"1503\" data-end=\"1579\"><strong data-start=\"1503\" data-end=\"1579\">Schluss mit Vermutungen: Kausale Zusammenh\u00e4nge verstehen und nutzen. Mit Xplain Data Causal AI.<br \/>\n<\/strong><\/p>\n<p>[\/vc_column_text]<style type=\"text\/css\" data-type=\"the7_shortcodes-inline-css\">#default-btn-83412fc1f24dce698d230ad28cc90990.ico-right-side > i {\n  margin-right: 0px;\n  margin-left: 8px;\n}\n#default-btn-83412fc1f24dce698d230ad28cc90990 > i {\n  margin-right: 8px;\n}<\/style><a href=\"https:\/\/vimeo.com\/manage\/videos\/1052933376\" class=\"default-btn-shortcode dt-btn dt-btn-l fadeIn animate-element animation-builder link-hover-off btn-inline-left \" id=\"default-btn-83412fc1f24dce698d230ad28cc90990\"><span>Demo Video<\/span><\/a><style type=\"text\/css\" data-type=\"the7_shortcodes-inline-css\">#default-btn-cb94c6a5bde3d9a3b3e707e162b782a9.ico-right-side > i {\n  margin-right: 0px;\n  margin-left: 8px;\n}\n#default-btn-cb94c6a5bde3d9a3b3e707e162b782a9 > i {\n  margin-right: 8px;\n}<\/style><a href=\"https:\/\/xplain-data.de\/wp-content\/uploads\/2025\/07\/Manufacturing_Factsheet_Interaktiv_25_EN_2.pdf\" class=\"default-btn-shortcode dt-btn dt-btn-l fadeIn animate-element animation-builder link-hover-off btn-inline-left \" id=\"default-btn-cb94c6a5bde3d9a3b3e707e162b782a9\"><span>Factsheet (engl.)<\/span><\/a>[\/vc_column][\/vc_row]<\/p>\n<\/div>","protected":false},"excerpt":{"rendered":"<p>[vc_row][vc_column][vc_column_text css=&#8220;&#8220;] Intelligente Fertigung mit Causal AI Nutzen Sie das volle Potenzial Ihrer Produktionsdaten \u2013 mit der Causal AI-Technologie von Xplain Data. Unsere L\u00f6sung erm\u00f6glicht es Unternehmen in der diskreten Fertigung, \u00fcber klassische Analysen hinauszugehen und echte Ursache-Wirkungs-Zusammenh\u00e4nge zu erkennen. Mit Xplain Data Causal AI: Ursachen von Qualit\u00e4tsproblemen automatisch identifizieren \u201eWhat-if\u201c-Szenarien simulieren, bevor Ma\u00dfnahmen umgesetzt&hellip;<\/p>\n","protected":false},"author":10,"featured_media":0,"parent":1658,"menu_order":0,"comment_status":"closed","ping_status":"closed","template":"","meta":{"inline_featured_image":false,"footnotes":""},"class_list":["post-6481","page","type-page","status-publish","hentry","description-off"],"yoast_head":"<!-- This site is optimized with the Yoast SEO plugin v27.3 - https:\/\/yoast.com\/product\/yoast-seo-wordpress\/ -->\n<title>Causal AI f\u00fcr die diskrete Fertigung<\/title>\n<meta name=\"description\" content=\"Erkennen Sie die wahren Ursachen von Produktionsproblemen. Reduzieren Sie Stillstand, Ausschuss und Fehlerrate durch Causal AI.\" \/>\n<meta name=\"robots\" content=\"index, follow, max-snippet:-1, max-image-preview:large, max-video-preview:-1\" \/>\n<link rel=\"canonical\" href=\"https:\/\/xplain-data.de\/de\/services\/diskrete-fertigung\/\" \/>\n<meta property=\"og:locale\" content=\"de_DE\" \/>\n<meta property=\"og:type\" content=\"article\" \/>\n<meta property=\"og:title\" content=\"Causal AI f\u00fcr die diskrete Fertigung\" \/>\n<meta property=\"og:description\" content=\"Erkennen Sie die wahren Ursachen von Produktionsproblemen. Reduzieren Sie Stillstand, Ausschuss und Fehlerrate durch Causal AI.\" \/>\n<meta property=\"og:url\" content=\"https:\/\/xplain-data.de\/de\/services\/diskrete-fertigung\/\" \/>\n<meta property=\"og:site_name\" content=\"Xplain Data\" \/>\n<meta property=\"article:modified_time\" content=\"2025-07-24T10:39:53+00:00\" \/>\n<meta property=\"og:image\" content=\"https:\/\/xplain-data.de\/wp-content\/uploads\/2023\/01\/social-image.jpg\" \/>\n\t<meta property=\"og:image:width\" content=\"1280\" \/>\n\t<meta property=\"og:image:height\" content=\"720\" \/>\n\t<meta property=\"og:image:type\" content=\"image\/jpeg\" \/>\n<meta name=\"twitter:card\" content=\"summary_large_image\" \/>\n<meta name=\"twitter:label1\" content=\"Gesch\u00e4tzte Lesezeit\" \/>\n\t<meta name=\"twitter:data1\" content=\"2\u00a0Minuten\" \/>\n<script type=\"application\/ld+json\" class=\"yoast-schema-graph\">{\"@context\":\"https:\\\/\\\/schema.org\",\"@graph\":[{\"@type\":\"WebPage\",\"@id\":\"https:\\\/\\\/xplain-data.de\\\/de\\\/services\\\/diskrete-fertigung\\\/\",\"url\":\"https:\\\/\\\/xplain-data.de\\\/de\\\/services\\\/diskrete-fertigung\\\/\",\"name\":\"Causal AI f\u00fcr die diskrete Fertigung\",\"isPartOf\":{\"@id\":\"https:\\\/\\\/xplain-data.de\\\/de\\\/#website\"},\"datePublished\":\"2025-07-20T07:50:21+00:00\",\"dateModified\":\"2025-07-24T10:39:53+00:00\",\"description\":\"Erkennen Sie die wahren Ursachen von Produktionsproblemen. Reduzieren Sie Stillstand, Ausschuss und Fehlerrate durch Causal AI.\",\"breadcrumb\":{\"@id\":\"https:\\\/\\\/xplain-data.de\\\/de\\\/services\\\/diskrete-fertigung\\\/#breadcrumb\"},\"inLanguage\":\"de\",\"potentialAction\":[{\"@type\":\"ReadAction\",\"target\":[\"https:\\\/\\\/xplain-data.de\\\/de\\\/services\\\/diskrete-fertigung\\\/\"]}]},{\"@type\":\"BreadcrumbList\",\"@id\":\"https:\\\/\\\/xplain-data.de\\\/de\\\/services\\\/diskrete-fertigung\\\/#breadcrumb\",\"itemListElement\":[{\"@type\":\"ListItem\",\"position\":1,\"name\":\"Home\",\"item\":\"https:\\\/\\\/xplain-data.de\\\/de\\\/\"},{\"@type\":\"ListItem\",\"position\":2,\"name\":\"Unsere Services\",\"item\":\"https:\\\/\\\/xplain-data.de\\\/de\\\/services\\\/\"},{\"@type\":\"ListItem\",\"position\":3,\"name\":\"Diskrete Fertigung\"}]},{\"@type\":\"WebSite\",\"@id\":\"https:\\\/\\\/xplain-data.de\\\/de\\\/#website\",\"url\":\"https:\\\/\\\/xplain-data.de\\\/de\\\/\",\"name\":\"Xplain Data\",\"description\":\"Uncover cause &amp; effect relationships in complex data - key to AI\",\"publisher\":{\"@id\":\"https:\\\/\\\/xplain-data.de\\\/de\\\/#organization\"},\"potentialAction\":[{\"@type\":\"SearchAction\",\"target\":{\"@type\":\"EntryPoint\",\"urlTemplate\":\"https:\\\/\\\/xplain-data.de\\\/de\\\/?s={search_term_string}\"},\"query-input\":{\"@type\":\"PropertyValueSpecification\",\"valueRequired\":true,\"valueName\":\"search_term_string\"}}],\"inLanguage\":\"de\"},{\"@type\":\"Organization\",\"@id\":\"https:\\\/\\\/xplain-data.de\\\/de\\\/#organization\",\"name\":\"Xplain Data GmbH\",\"url\":\"https:\\\/\\\/xplain-data.de\\\/de\\\/\",\"logo\":{\"@type\":\"ImageObject\",\"inLanguage\":\"de\",\"@id\":\"https:\\\/\\\/xplain-data.de\\\/de\\\/#\\\/schema\\\/logo\\\/image\\\/\",\"url\":\"https:\\\/\\\/xplain-data.de\\\/wp-content\\\/uploads\\\/2023\\\/01\\\/xplaindata_logo-claim-240.png\",\"contentUrl\":\"https:\\\/\\\/xplain-data.de\\\/wp-content\\\/uploads\\\/2023\\\/01\\\/xplaindata_logo-claim-240.png\",\"width\":609,\"height\":240,\"caption\":\"Xplain Data GmbH\"},\"image\":{\"@id\":\"https:\\\/\\\/xplain-data.de\\\/de\\\/#\\\/schema\\\/logo\\\/image\\\/\"},\"sameAs\":[\"https:\\\/\\\/www.linkedin.com\\\/company\\\/xplain-data-gmbh\\\/?viewAsMember=true\"]}]}<\/script>\n<!-- \/ Yoast SEO plugin. -->","yoast_head_json":{"title":"Causal AI f\u00fcr die diskrete Fertigung","description":"Erkennen Sie die wahren Ursachen von Produktionsproblemen. Reduzieren Sie Stillstand, Ausschuss und Fehlerrate durch Causal AI.","robots":{"index":"index","follow":"follow","max-snippet":"max-snippet:-1","max-image-preview":"max-image-preview:large","max-video-preview":"max-video-preview:-1"},"canonical":"https:\/\/xplain-data.de\/de\/services\/diskrete-fertigung\/","og_locale":"de_DE","og_type":"article","og_title":"Causal AI f\u00fcr die diskrete Fertigung","og_description":"Erkennen Sie die wahren Ursachen von Produktionsproblemen. Reduzieren Sie Stillstand, Ausschuss und Fehlerrate durch Causal AI.","og_url":"https:\/\/xplain-data.de\/de\/services\/diskrete-fertigung\/","og_site_name":"Xplain Data","article_modified_time":"2025-07-24T10:39:53+00:00","og_image":[{"width":1280,"height":720,"url":"https:\/\/xplain-data.de\/wp-content\/uploads\/2023\/01\/social-image.jpg","type":"image\/jpeg"}],"twitter_card":"summary_large_image","twitter_misc":{"Gesch\u00e4tzte Lesezeit":"2\u00a0Minuten"},"schema":{"@context":"https:\/\/schema.org","@graph":[{"@type":"WebPage","@id":"https:\/\/xplain-data.de\/de\/services\/diskrete-fertigung\/","url":"https:\/\/xplain-data.de\/de\/services\/diskrete-fertigung\/","name":"Causal AI f\u00fcr die diskrete Fertigung","isPartOf":{"@id":"https:\/\/xplain-data.de\/de\/#website"},"datePublished":"2025-07-20T07:50:21+00:00","dateModified":"2025-07-24T10:39:53+00:00","description":"Erkennen Sie die wahren Ursachen von Produktionsproblemen. Reduzieren Sie Stillstand, Ausschuss und Fehlerrate durch Causal AI.","breadcrumb":{"@id":"https:\/\/xplain-data.de\/de\/services\/diskrete-fertigung\/#breadcrumb"},"inLanguage":"de","potentialAction":[{"@type":"ReadAction","target":["https:\/\/xplain-data.de\/de\/services\/diskrete-fertigung\/"]}]},{"@type":"BreadcrumbList","@id":"https:\/\/xplain-data.de\/de\/services\/diskrete-fertigung\/#breadcrumb","itemListElement":[{"@type":"ListItem","position":1,"name":"Home","item":"https:\/\/xplain-data.de\/de\/"},{"@type":"ListItem","position":2,"name":"Unsere Services","item":"https:\/\/xplain-data.de\/de\/services\/"},{"@type":"ListItem","position":3,"name":"Diskrete Fertigung"}]},{"@type":"WebSite","@id":"https:\/\/xplain-data.de\/de\/#website","url":"https:\/\/xplain-data.de\/de\/","name":"Xplain Data","description":"Uncover cause &amp; effect relationships in complex data - key to AI","publisher":{"@id":"https:\/\/xplain-data.de\/de\/#organization"},"potentialAction":[{"@type":"SearchAction","target":{"@type":"EntryPoint","urlTemplate":"https:\/\/xplain-data.de\/de\/?s={search_term_string}"},"query-input":{"@type":"PropertyValueSpecification","valueRequired":true,"valueName":"search_term_string"}}],"inLanguage":"de"},{"@type":"Organization","@id":"https:\/\/xplain-data.de\/de\/#organization","name":"Xplain Data GmbH","url":"https:\/\/xplain-data.de\/de\/","logo":{"@type":"ImageObject","inLanguage":"de","@id":"https:\/\/xplain-data.de\/de\/#\/schema\/logo\/image\/","url":"https:\/\/xplain-data.de\/wp-content\/uploads\/2023\/01\/xplaindata_logo-claim-240.png","contentUrl":"https:\/\/xplain-data.de\/wp-content\/uploads\/2023\/01\/xplaindata_logo-claim-240.png","width":609,"height":240,"caption":"Xplain Data GmbH"},"image":{"@id":"https:\/\/xplain-data.de\/de\/#\/schema\/logo\/image\/"},"sameAs":["https:\/\/www.linkedin.com\/company\/xplain-data-gmbh\/?viewAsMember=true"]}]}},"_links":{"self":[{"href":"https:\/\/xplain-data.de\/de\/wp-json\/wp\/v2\/pages\/6481","targetHints":{"allow":["GET"]}}],"collection":[{"href":"https:\/\/xplain-data.de\/de\/wp-json\/wp\/v2\/pages"}],"about":[{"href":"https:\/\/xplain-data.de\/de\/wp-json\/wp\/v2\/types\/page"}],"author":[{"embeddable":true,"href":"https:\/\/xplain-data.de\/de\/wp-json\/wp\/v2\/users\/10"}],"replies":[{"embeddable":true,"href":"https:\/\/xplain-data.de\/de\/wp-json\/wp\/v2\/comments?post=6481"}],"version-history":[{"count":18,"href":"https:\/\/xplain-data.de\/de\/wp-json\/wp\/v2\/pages\/6481\/revisions"}],"predecessor-version":[{"id":6560,"href":"https:\/\/xplain-data.de\/de\/wp-json\/wp\/v2\/pages\/6481\/revisions\/6560"}],"up":[{"embeddable":true,"href":"https:\/\/xplain-data.de\/de\/wp-json\/wp\/v2\/pages\/1658"}],"wp:attachment":[{"href":"https:\/\/xplain-data.de\/de\/wp-json\/wp\/v2\/media?parent=6481"}],"curies":[{"name":"wp","href":"https:\/\/api.w.org\/{rel}","templated":true}]}}