{"id":6483,"date":"2025-07-20T07:49:49","date_gmt":"2025-07-20T07:49:49","guid":{"rendered":"https:\/\/xplain-data.de\/?page_id=6483"},"modified":"2025-11-24T15:39:09","modified_gmt":"2025-11-24T15:39:09","slug":"elektronik-produktion","status":"publish","type":"page","link":"https:\/\/xplain-data.de\/de\/services\/elektronik-produktion\/","title":{"rendered":"Elektronikfertigung"},"content":{"rendered":"<div class=\"wpb-content-wrapper\"><p>[vc_row][vc_column][vc_column_text css=&#8220;&#8220;]<\/p>\n<h2 data-start=\"137\" data-end=\"185\">CausalDiscoverer YieldPro | Causal Discovery for flawless Electronics.<\/h2>\n<p data-start=\"137\" data-end=\"185\"><strong>Smarter Quality in der Elektronikproduktion<\/strong><\/p>\n<p data-start=\"186\" data-end=\"271\"><strong data-start=\"186\" data-end=\"271\">Mit Causal AI zu fehlerfreien Leiterplatten \u2013 automatisch, pr\u00e4zise und skalierbar.<\/strong><\/p>\n<p data-start=\"273\" data-end=\"639\">In der Elektronikfertigung entscheiden Qualit\u00e4t und Geschwindigkeit \u00fcber den Markterfolg. Gerade in der Leiterplattenproduktion (PCB) und -best\u00fcckung (PCBA) f\u00fchren kleinste Abweichungen zu gravierenden Fehlern \u2013 mit Auswirkungen auf Funktionalit\u00e4t, Kosten und Ausbeute. Klassische Qualit\u00e4tskontrollen sto\u00dfen hier an ihre Grenzen: Sie zeigen, <em data-start=\"592\" data-end=\"598\">dass<\/em> ein Problem besteht, aber nicht <em data-start=\"631\" data-end=\"638\">warum<\/em>.<\/p>\n<p data-start=\"641\" data-end=\"762\"><strong data-start=\"641\" data-end=\"762\">Xplain Data liefert die Antwort auf das \u201eWarum\u201c \u2013 mit Causal AI Root Causes aufdecken, um wirkungsvolle Ma\u00dfnahmen zu ergreifen.<\/strong><\/p>\n<p>[\/vc_column_text][vc_empty_space][vc_row_inner][vc_column_inner width=&#8220;1\/2&#8243;]<div class=\"xplain_content_box type_left\"><div class=\"xplain_content_box_inner\"><h2>Ihre Vorteile f\u00fcr die Leiterplattenproduktion und -best\u00fcckung:<\/h2><div class=\"content_box_content\"><h3 data-start=\"769\" data-end=\"819\"><\/h3>\n<ul data-start=\"821\" data-end=\"1344\">\n<li data-start=\"821\" data-end=\"947\">\n<p data-start=\"823\" data-end=\"947\"><strong data-start=\"823\" data-end=\"857\">Ganzheitliche Ursachenanalyse:<\/strong> Prozess- und Designdaten gemeinsam analysieren \u2013 \u00fcber die gesamte Fertigungskette hinweg.<\/p>\n<\/li>\n<li data-start=\"948\" data-end=\"1050\">\n<p data-start=\"950\" data-end=\"1050\"><strong data-start=\"950\" data-end=\"992\">Vollautomatische Qualit\u00e4ts\u00fcberwachung:<\/strong> Mit kontinuierlicher Root-Cause-Analyse auf Bauteilebene.<\/p>\n<\/li>\n<li data-start=\"1051\" data-end=\"1207\">\n<p data-start=\"1053\" data-end=\"1207\"><strong data-start=\"1053\" data-end=\"1099\">Fr\u00fcherkennung kritischer Einflussfaktoren:<\/strong> Entdecken Sie versteckte Zusammenh\u00e4nge, z.\u202fB. zwischen L\u00f6tparametern, Materialchargen oder AOI-Ergebnissen.<\/p>\n<\/li>\n<li data-start=\"1208\" data-end=\"1344\">\n<p data-start=\"1210\" data-end=\"1344\"><strong data-start=\"1210\" data-end=\"1262\">Fehlerquoten und Ausschuss drastisch reduzieren:<\/strong> F\u00fcr h\u00f6here First-Pass-Yield, weniger Nacharbeit und niedrigere Produktionskosten.<\/p>\n<\/li>\n<\/ul>\n<hr data-start=\"1346\" data-end=\"1349\" \/>\n<h3 data-start=\"1351\" data-end=\"1418\">Die L\u00f6sung: Kausale Intelligenz f\u00fcr komplexe Fertigungsprozesse<\/h3>\n<p data-start=\"1420\" data-end=\"1753\">Unsere patentierte <strong data-start=\"1439\" data-end=\"1468\">ObjectAnalytics-Datenbank<\/strong> verbindet Design-, und Maschinendaten, Testdaten (z.\u202fB. ICT, AOI, SPI), Materialinformationen und Umgebungsparameter zu einem umfassenden, objektzentrierten Produktionsabbild. So lassen sich Abh\u00e4ngigkeiten zwischen Design, Arbeitsschritten, Bauteilen, L\u00f6tprozessen und Testfehlern in Echtzeit analysieren.<\/p>\n<p data-start=\"1755\" data-end=\"1946\">Der <strong data-start=\"1759\" data-end=\"1779\">CausalDiscoverer YieldPro<\/strong> identifiziert die tats\u00e4chlichen Ursachen f\u00fcr Fehlerbilder wie L\u00f6tbr\u00fccken, Kaltausl\u00f6sungen oder intermittierende Testfehler \u2013 selbst bei hochkomplexen Multilayer-PCBs.<\/p>\n<\/div><\/div><\/div>[\/vc_column_inner][vc_column_inner width=&#8220;1\/2&#8243;]<div class=\"xplain_content_box type_left\"><div class=\"xplain_content_box_inner\"><h2>24\/7 Root-Cause-Erkennung: Handeln, bevor Fehler Seriencharakter entwickeln<\/h2><div class=\"content_box_content\"><h3 data-start=\"1953\" data-end=\"2032\"><\/h3>\n<p data-start=\"2034\" data-end=\"2351\">Der <strong data-start=\"2038\" data-end=\"2061\">Causal DiscoveryBot<\/strong> \u00fcberwacht Ihre Produktionsdaten kontinuierlich. Sobald neue kausale Zusammenh\u00e4nge zwischen z.\u202fB. Materialcharge und Fehlerh\u00e4ufung auftreten, informiert er automatisch per E-Mail oder Messager \u2013 bevor Qualit\u00e4tsprobleme eskalieren oder sich durch die gesamte Serienproduktion ziehen.<\/p>\n<hr data-start=\"2353\" data-end=\"2356\" \/>\n<h3 data-start=\"2358\" data-end=\"2435\">Was Xplain Data einzigartig macht zur Optimierung der Elektronikfertigung:<\/h3>\n<ul data-start=\"2437\" data-end=\"3072\">\n<li data-start=\"2437\" data-end=\"2568\">\n<p data-start=\"2439\" data-end=\"2568\"><strong data-start=\"2439\" data-end=\"2474\">Skalierbar f\u00fcr komplexe Linien:<\/strong> Tausende Variablen, zig Prozessschritte, hohe Taktzahlen \u2013 wir liefern Antworten in Echtzeit.<\/p>\n<\/li>\n<li data-start=\"2569\" data-end=\"2688\">\n<p data-start=\"2571\" data-end=\"2688\"><strong data-start=\"2571\" data-end=\"2607\">Objekt-zentrierte Datenstruktur:<\/strong> Verfolgen Sie jeden Fehler zur\u00fcck bis zum Arbeitsschritt, der ihn ausgel\u00f6st hat.<\/p>\n<\/li>\n<li data-start=\"2689\" data-end=\"2795\">\n<p data-start=\"2691\" data-end=\"2795\"><strong data-start=\"2691\" data-end=\"2744\">Kausalmodelle statt statistischer Zufallstreffer:<\/strong> Schluss mit Korrelationen, die in die Irre f\u00fchren.<\/p>\n<\/li>\n<li data-start=\"2796\" data-end=\"2947\">\n<p data-start=\"2798\" data-end=\"2947\"><strong data-start=\"2798\" data-end=\"2836\">Simulation von Prozessanpassungen:<\/strong> Testen Sie vorab, wie sich \u00c4nderungen bei z.\u202fB. Ofenprofilen oder Best\u00fcckungsgeschwindigkeit auswirken w\u00fcrden.<\/p>\n<\/li>\n<li data-start=\"2948\" data-end=\"3072\">\n<p data-start=\"2950\" data-end=\"3072\"><strong data-start=\"2950\" data-end=\"3005\">Nahtlose Integration in bestehende IT-Landschaften:<\/strong> Anbindung per Python, WebAPI oder direkt in Ihre MES-\/SPC-Systeme.<\/p>\n<\/li>\n<\/ul>\n<\/div><\/div><\/div>[\/vc_column_inner][\/vc_row_inner][vc_empty_space height=&#8220;64px&#8220;][vc_column_text css=&#8220;&#8220;]<\/p>\n<blockquote data-start=\"3079\" data-end=\"3326\">\n<p data-start=\"3081\" data-end=\"3326\">\u201cCausal AI ist ein echter Game Changer f\u00fcr uns in der Elektronikproduktion.<br data-start=\"3156\" data-end=\"3159\" \/>F\u00fcr uns bedeutet das einen Durchbruch in der Produktionsoptimierung.\u201d<br data-start=\"3230\" data-end=\"3233\" \/><strong data-start=\"3235\" data-end=\"3326\"><br \/>\nErik Schwulera, Lead IoT@Manufacturing &amp; Six Sigma Director, Siemens Digital Industries<\/strong><\/p>\n<p><a href=\"https:\/\/vimeo.com\/manage\/videos\/1103721632\">Video Testimonial<\/a><\/p>\n<p><a href=\"https:\/\/xplain-data.de\/wp-content\/uploads\/2025\/02\/Siemens-Erlangen_Anwenderbericht_Final_DE.pdf\">Ganzer Anwenderbericht<\/a><\/p><\/blockquote>\n<hr data-start=\"3328\" data-end=\"3331\" \/>\n<h3 data-start=\"3333\" data-end=\"3412\">Entdecken Sie das \u201eWarum\u201c hinter Ihren Qualit\u00e4tsproblemen \u2013 mit CausalDiscoverer YieldPro<\/h3>\n<p data-start=\"3414\" data-end=\"3533\">Ob SMT, THT oder End-of-Line-Test \u2013 wir helfen Ihnen, Produktionsqualit\u00e4t in der Elektronikfertigung neu zu definieren. <a href=\"https:\/\/xplain-data.de\/de\/kontakt\/\">Kontaktieren Sie uns<\/a>.<\/p>\n<p>[\/vc_column_text][\/vc_column][\/vc_row][vc_row][vc_column][vc_column_text css=&#8220;&#8220;]<\/p>\n<hr data-start=\"764\" data-end=\"767\" \/>\n<p>[\/vc_column_text][vc_row_inner][vc_column_inner width=&#8220;1\/2&#8243;][vc_single_image image=&#8220;6920&#8243; img_size=&#8220;large&#8220; onclick=&#8220;link_image&#8220; css=&#8220;&#8220;][\/vc_column_inner][vc_column_inner width=&#8220;1\/2&#8243;][\/vc_column_inner][\/vc_row_inner][vc_column_text css=&#8220;&#8220;][\/vc_column_text]<style type=\"text\/css\" data-type=\"the7_shortcodes-inline-css\">#default-btn-1a04cf57dafa7d7691f3b8874db07aec.ico-right-side > i {\n  margin-right: 0px;\n  margin-left: 8px;\n}\n#default-btn-1a04cf57dafa7d7691f3b8874db07aec > i {\n  margin-right: 8px;\n}<\/style><a href=\"https:\/\/xplain-data.de\/wp-content\/uploads\/2025\/10\/Factsheet_CausalDiscovererYieldPro_A4_1.pdf\" class=\"default-btn-shortcode dt-btn dt-btn-l fadeIn animate-element animation-builder link-hover-off btn-inline-left \" target=\"_blank\" id=\"default-btn-1a04cf57dafa7d7691f3b8874db07aec\" rel=\"noopener\"><span>Factsheet<\/span><\/a>[vc_empty_space][\/vc_column][\/vc_row][vc_row][vc_column][\/vc_column][vc_column][\/vc_column][\/vc_row]<\/p>\n<\/div>","protected":false},"excerpt":{"rendered":"<p>[vc_row][vc_column][vc_column_text css=&#8220;&#8220;] CausalDiscoverer YieldPro | Causal Discovery for flawless Electronics. Smarter Quality in der Elektronikproduktion Mit Causal AI zu fehlerfreien Leiterplatten \u2013 automatisch, pr\u00e4zise und skalierbar. In der Elektronikfertigung entscheiden Qualit\u00e4t und Geschwindigkeit \u00fcber den Markterfolg. Gerade in der Leiterplattenproduktion (PCB) und -best\u00fcckung (PCBA) f\u00fchren kleinste Abweichungen zu gravierenden Fehlern \u2013 mit Auswirkungen auf Funktionalit\u00e4t,&hellip;<\/p>\n","protected":false},"author":10,"featured_media":0,"parent":1658,"menu_order":0,"comment_status":"closed","ping_status":"closed","template":"","meta":{"inline_featured_image":false,"footnotes":""},"class_list":["post-6483","page","type-page","status-publish","hentry","description-off"],"yoast_head":"<!-- This site is optimized with the Yoast SEO plugin v27.3 - https:\/\/yoast.com\/product\/yoast-seo-wordpress\/ -->\n<title>Causal AI zur Optimierung der Elektronikproduktion<\/title>\n<meta name=\"description\" content=\"Optimierte Elektronikproduktion mit Causal AI: Fehler fr\u00fchzeitig erkennen, Ursachen analysieren und Qualit\u00e4t nachhaltig steigern.\" \/>\n<meta name=\"robots\" content=\"index, follow, max-snippet:-1, max-image-preview:large, max-video-preview:-1\" \/>\n<link rel=\"canonical\" href=\"https:\/\/xplain-data.de\/de\/services\/elektronik-produktion\/\" \/>\n<meta property=\"og:locale\" content=\"de_DE\" \/>\n<meta property=\"og:type\" content=\"article\" \/>\n<meta property=\"og:title\" content=\"Causal AI zur Optimierung der Elektronikproduktion\" \/>\n<meta property=\"og:description\" content=\"Optimierte Elektronikproduktion mit Causal AI: Fehler fr\u00fchzeitig erkennen, Ursachen analysieren und Qualit\u00e4t nachhaltig steigern.\" \/>\n<meta property=\"og:url\" content=\"https:\/\/xplain-data.de\/de\/services\/elektronik-produktion\/\" \/>\n<meta property=\"og:site_name\" content=\"Xplain Data\" \/>\n<meta property=\"article:modified_time\" content=\"2025-11-24T15:39:09+00:00\" \/>\n<meta property=\"og:image\" content=\"https:\/\/xplain-data.de\/wp-content\/uploads\/2023\/01\/social-image.jpg\" \/>\n\t<meta property=\"og:image:width\" content=\"1280\" \/>\n\t<meta property=\"og:image:height\" content=\"720\" \/>\n\t<meta property=\"og:image:type\" content=\"image\/jpeg\" \/>\n<meta name=\"twitter:card\" content=\"summary_large_image\" \/>\n<meta name=\"twitter:label1\" content=\"Gesch\u00e4tzte Lesezeit\" \/>\n\t<meta name=\"twitter:data1\" content=\"3\u00a0Minuten\" \/>\n<script type=\"application\/ld+json\" class=\"yoast-schema-graph\">{\"@context\":\"https:\\\/\\\/schema.org\",\"@graph\":[{\"@type\":\"WebPage\",\"@id\":\"https:\\\/\\\/xplain-data.de\\\/de\\\/services\\\/elektronik-produktion\\\/\",\"url\":\"https:\\\/\\\/xplain-data.de\\\/de\\\/services\\\/elektronik-produktion\\\/\",\"name\":\"Causal AI zur Optimierung der Elektronikproduktion\",\"isPartOf\":{\"@id\":\"https:\\\/\\\/xplain-data.de\\\/de\\\/#website\"},\"datePublished\":\"2025-07-20T07:49:49+00:00\",\"dateModified\":\"2025-11-24T15:39:09+00:00\",\"description\":\"Optimierte Elektronikproduktion mit Causal AI: Fehler fr\u00fchzeitig erkennen, Ursachen analysieren und Qualit\u00e4t nachhaltig steigern.\",\"breadcrumb\":{\"@id\":\"https:\\\/\\\/xplain-data.de\\\/de\\\/services\\\/elektronik-produktion\\\/#breadcrumb\"},\"inLanguage\":\"de\",\"potentialAction\":[{\"@type\":\"ReadAction\",\"target\":[\"https:\\\/\\\/xplain-data.de\\\/de\\\/services\\\/elektronik-produktion\\\/\"]}]},{\"@type\":\"BreadcrumbList\",\"@id\":\"https:\\\/\\\/xplain-data.de\\\/de\\\/services\\\/elektronik-produktion\\\/#breadcrumb\",\"itemListElement\":[{\"@type\":\"ListItem\",\"position\":1,\"name\":\"Home\",\"item\":\"https:\\\/\\\/xplain-data.de\\\/de\\\/\"},{\"@type\":\"ListItem\",\"position\":2,\"name\":\"Unsere Services\",\"item\":\"https:\\\/\\\/xplain-data.de\\\/de\\\/services\\\/\"},{\"@type\":\"ListItem\",\"position\":3,\"name\":\"Elektronikfertigung\"}]},{\"@type\":\"WebSite\",\"@id\":\"https:\\\/\\\/xplain-data.de\\\/de\\\/#website\",\"url\":\"https:\\\/\\\/xplain-data.de\\\/de\\\/\",\"name\":\"Xplain Data\",\"description\":\"Uncover cause &amp; effect relationships in complex data - key to AI\",\"publisher\":{\"@id\":\"https:\\\/\\\/xplain-data.de\\\/de\\\/#organization\"},\"potentialAction\":[{\"@type\":\"SearchAction\",\"target\":{\"@type\":\"EntryPoint\",\"urlTemplate\":\"https:\\\/\\\/xplain-data.de\\\/de\\\/?s={search_term_string}\"},\"query-input\":{\"@type\":\"PropertyValueSpecification\",\"valueRequired\":true,\"valueName\":\"search_term_string\"}}],\"inLanguage\":\"de\"},{\"@type\":\"Organization\",\"@id\":\"https:\\\/\\\/xplain-data.de\\\/de\\\/#organization\",\"name\":\"Xplain Data GmbH\",\"url\":\"https:\\\/\\\/xplain-data.de\\\/de\\\/\",\"logo\":{\"@type\":\"ImageObject\",\"inLanguage\":\"de\",\"@id\":\"https:\\\/\\\/xplain-data.de\\\/de\\\/#\\\/schema\\\/logo\\\/image\\\/\",\"url\":\"https:\\\/\\\/xplain-data.de\\\/wp-content\\\/uploads\\\/2023\\\/01\\\/xplaindata_logo-claim-240.png\",\"contentUrl\":\"https:\\\/\\\/xplain-data.de\\\/wp-content\\\/uploads\\\/2023\\\/01\\\/xplaindata_logo-claim-240.png\",\"width\":609,\"height\":240,\"caption\":\"Xplain Data GmbH\"},\"image\":{\"@id\":\"https:\\\/\\\/xplain-data.de\\\/de\\\/#\\\/schema\\\/logo\\\/image\\\/\"},\"sameAs\":[\"https:\\\/\\\/www.linkedin.com\\\/company\\\/xplain-data-gmbh\\\/?viewAsMember=true\"]}]}<\/script>\n<!-- \/ Yoast SEO plugin. -->","yoast_head_json":{"title":"Causal AI zur Optimierung der Elektronikproduktion","description":"Optimierte Elektronikproduktion mit Causal AI: Fehler fr\u00fchzeitig erkennen, Ursachen analysieren und Qualit\u00e4t nachhaltig steigern.","robots":{"index":"index","follow":"follow","max-snippet":"max-snippet:-1","max-image-preview":"max-image-preview:large","max-video-preview":"max-video-preview:-1"},"canonical":"https:\/\/xplain-data.de\/de\/services\/elektronik-produktion\/","og_locale":"de_DE","og_type":"article","og_title":"Causal AI zur Optimierung der Elektronikproduktion","og_description":"Optimierte Elektronikproduktion mit Causal AI: Fehler fr\u00fchzeitig erkennen, Ursachen analysieren und Qualit\u00e4t nachhaltig steigern.","og_url":"https:\/\/xplain-data.de\/de\/services\/elektronik-produktion\/","og_site_name":"Xplain Data","article_modified_time":"2025-11-24T15:39:09+00:00","og_image":[{"width":1280,"height":720,"url":"https:\/\/xplain-data.de\/wp-content\/uploads\/2023\/01\/social-image.jpg","type":"image\/jpeg"}],"twitter_card":"summary_large_image","twitter_misc":{"Gesch\u00e4tzte Lesezeit":"3\u00a0Minuten"},"schema":{"@context":"https:\/\/schema.org","@graph":[{"@type":"WebPage","@id":"https:\/\/xplain-data.de\/de\/services\/elektronik-produktion\/","url":"https:\/\/xplain-data.de\/de\/services\/elektronik-produktion\/","name":"Causal AI zur Optimierung der Elektronikproduktion","isPartOf":{"@id":"https:\/\/xplain-data.de\/de\/#website"},"datePublished":"2025-07-20T07:49:49+00:00","dateModified":"2025-11-24T15:39:09+00:00","description":"Optimierte Elektronikproduktion mit Causal AI: Fehler fr\u00fchzeitig erkennen, Ursachen analysieren und Qualit\u00e4t nachhaltig steigern.","breadcrumb":{"@id":"https:\/\/xplain-data.de\/de\/services\/elektronik-produktion\/#breadcrumb"},"inLanguage":"de","potentialAction":[{"@type":"ReadAction","target":["https:\/\/xplain-data.de\/de\/services\/elektronik-produktion\/"]}]},{"@type":"BreadcrumbList","@id":"https:\/\/xplain-data.de\/de\/services\/elektronik-produktion\/#breadcrumb","itemListElement":[{"@type":"ListItem","position":1,"name":"Home","item":"https:\/\/xplain-data.de\/de\/"},{"@type":"ListItem","position":2,"name":"Unsere Services","item":"https:\/\/xplain-data.de\/de\/services\/"},{"@type":"ListItem","position":3,"name":"Elektronikfertigung"}]},{"@type":"WebSite","@id":"https:\/\/xplain-data.de\/de\/#website","url":"https:\/\/xplain-data.de\/de\/","name":"Xplain Data","description":"Uncover cause &amp; effect relationships in complex data - key to AI","publisher":{"@id":"https:\/\/xplain-data.de\/de\/#organization"},"potentialAction":[{"@type":"SearchAction","target":{"@type":"EntryPoint","urlTemplate":"https:\/\/xplain-data.de\/de\/?s={search_term_string}"},"query-input":{"@type":"PropertyValueSpecification","valueRequired":true,"valueName":"search_term_string"}}],"inLanguage":"de"},{"@type":"Organization","@id":"https:\/\/xplain-data.de\/de\/#organization","name":"Xplain Data GmbH","url":"https:\/\/xplain-data.de\/de\/","logo":{"@type":"ImageObject","inLanguage":"de","@id":"https:\/\/xplain-data.de\/de\/#\/schema\/logo\/image\/","url":"https:\/\/xplain-data.de\/wp-content\/uploads\/2023\/01\/xplaindata_logo-claim-240.png","contentUrl":"https:\/\/xplain-data.de\/wp-content\/uploads\/2023\/01\/xplaindata_logo-claim-240.png","width":609,"height":240,"caption":"Xplain Data GmbH"},"image":{"@id":"https:\/\/xplain-data.de\/de\/#\/schema\/logo\/image\/"},"sameAs":["https:\/\/www.linkedin.com\/company\/xplain-data-gmbh\/?viewAsMember=true"]}]}},"_links":{"self":[{"href":"https:\/\/xplain-data.de\/de\/wp-json\/wp\/v2\/pages\/6483","targetHints":{"allow":["GET"]}}],"collection":[{"href":"https:\/\/xplain-data.de\/de\/wp-json\/wp\/v2\/pages"}],"about":[{"href":"https:\/\/xplain-data.de\/de\/wp-json\/wp\/v2\/types\/page"}],"author":[{"embeddable":true,"href":"https:\/\/xplain-data.de\/de\/wp-json\/wp\/v2\/users\/10"}],"replies":[{"embeddable":true,"href":"https:\/\/xplain-data.de\/de\/wp-json\/wp\/v2\/comments?post=6483"}],"version-history":[{"count":30,"href":"https:\/\/xplain-data.de\/de\/wp-json\/wp\/v2\/pages\/6483\/revisions"}],"predecessor-version":[{"id":6970,"href":"https:\/\/xplain-data.de\/de\/wp-json\/wp\/v2\/pages\/6483\/revisions\/6970"}],"up":[{"embeddable":true,"href":"https:\/\/xplain-data.de\/de\/wp-json\/wp\/v2\/pages\/1658"}],"wp:attachment":[{"href":"https:\/\/xplain-data.de\/de\/wp-json\/wp\/v2\/media?parent=6483"}],"curies":[{"name":"wp","href":"https:\/\/api.w.org\/{rel}","templated":true}]}}