{"id":7237,"date":"2026-01-19T10:32:50","date_gmt":"2026-01-19T10:32:50","guid":{"rendered":"https:\/\/xplain-data.de\/?page_id=7237"},"modified":"2026-04-20T12:12:27","modified_gmt":"2026-04-20T12:12:27","slug":"events","status":"publish","type":"page","link":"https:\/\/xplain-data.de\/de\/events\/","title":{"rendered":"Aktuelle Events"},"content":{"rendered":"<div class=\"wpb-content-wrapper\"><p>[vc_row][vc_column]  <div class=\"xplain-event\">\n    <div class=\"xplain-event__inner\">\n\n              <div class=\"xplain-event__datecard\" aria-label=\"16.06.2026\">\n          <div class=\"xplain-event__datecard-top\">\n  Juni<\/div>\n\n          <div class=\"xplain-event__datecard-day\">16<\/div>\n                      <div class=\"xplain-event__datecard-year\">2026<\/div>\n                  <\/div>\n      \n      <div class=\"xplain-event__content\">\n                  <div class=\"xplain-event__location\">Dresden<\/div>\n        \n                  <div class=\"xplain-event__text wysiwyg\">\n            <\/p>\n<h2>15.-17.6.26 -Silicon Saxony Days\u2013<br \/>\n<strong>CONNECT. EXCHANGE. <\/strong><strong>GROW<\/strong><\/h2>\n<p><span style=\"font-family: 'Calibri',sans-serif\">Die Silicon Saxony Days feiern ihr 20-j\u00e4hriges Jubil\u00e4um als eines der bedeutendsten internationalen Hightech-Events der europ\u00e4ischen Mikroelektronik- und Digitalisierungsbranche. Xplain Data feiert Premiere: Im Rahmen des neuen Tracks <b data-path-to-node=\"5,0\" data-index-in-node=\"235\">\u201eSustainability Gate\u201c<\/b> pr\u00e4sentieren wir unseren Beitrag f\u00fcr ein nachhaltiges Elektronik-Remanufacturing auf Basis von <b data-path-to-node=\"5,0\" data-index-in-node=\"352\">Causal AI<\/b>.<\/span><\/p>\n<p><strong>Xplain Data Vortrag:<br \/>\nDaFIRe Project: Mastering Smart Electronics Remanufacturing with Causal AI <\/strong>(engl.)<strong><br \/>\n<\/strong>Andreas Nierlich, CRO Xplain Data GmbH          <\/div>\n        \n                  <div class=\"xplain-event__cta\">\n            <a class=\"xplain-event__cta-link\"\n               href=\"https:\/\/www.silicon-saxony-day.de\/\"\n               target=\"_blank\"\n               >\n              N\u00e4here Infos              <span class=\"xplain-event__cta-arrow\" aria-hidden=\"true\">\u2192<\/span>\n            <\/a>\n          <\/div>\n              <\/div>\n\n    <\/div>\n  <\/div>\n  [\/vc_column][\/vc_row][vc_row][vc_column]  <div class=\"xplain-event\">\n    <div class=\"xplain-event__inner\">\n\n              <div class=\"xplain-event__datecard\" aria-label=\"23.09.2026\">\n          <div class=\"xplain-event__datecard-top\">\n  September<\/div>\n\n          <div class=\"xplain-event__datecard-day\">23<\/div>\n                      <div class=\"xplain-event__datecard-year\">2026<\/div>\n                  <\/div>\n      \n      <div class=\"xplain-event__content\">\n                  <div class=\"xplain-event__location\">Bamberg<\/div>\n        \n                  <div class=\"xplain-event__text wysiwyg\">\n            <\/p>\n<h2>23.-24.9.26 -FED Konferenz\u2013<br \/>\n<strong>STRATEGIEN. L\u00d6SUNGEN. <\/strong><strong>IMPULSE.<\/strong><\/h2>\n<p>Auf der FED-Konferenz treffen sich Experten der Elektronikindustrie, um aktuelle Technologien, Trends und L\u00f6sungen rund um elektronische Baugruppen zu diskutieren.<\/p>\n<p>Sie finden den Xplain Data Stand im Ausstellerbereich.          <\/div>\n        \n                  <div class=\"xplain-event__cta\">\n            <a class=\"xplain-event__cta-link\"\n               href=\"https:\/\/www.fed-konferenz.de\/\"\n               target=\"_blank\"\n               >\n              N\u00e4here Infos &amp; Anmeldung              <span class=\"xplain-event__cta-arrow\" aria-hidden=\"true\">\u2192<\/span>\n            <\/a>\n          <\/div>\n              <\/div>\n\n    <\/div>\n  <\/div>\n  [\/vc_column][\/vc_row]<\/p>\n<\/div>","protected":false},"excerpt":{"rendered":"<p>[vc_row][vc_column][\/vc_column][\/vc_row][vc_row][vc_column][\/vc_column][\/vc_row]<\/p>\n","protected":false},"author":10,"featured_media":0,"parent":0,"menu_order":0,"comment_status":"closed","ping_status":"closed","template":"","meta":{"inline_featured_image":false,"footnotes":""},"class_list":["post-7237","page","type-page","status-publish","hentry","description-off"],"yoast_head":"<!-- This site is optimized with the Yoast SEO plugin v27.4 - https:\/\/yoast.com\/product\/yoast-seo-wordpress\/ -->\n<title>Aktuelle Events<\/title>\n<meta name=\"description\" content=\"Besuchen Sie uns und erleben Sie patentierte, objekt-zentrierter Datenhaltung als Basis f\u00fcr erfolgreiche Prozessoptimierung durch Causal AI.\" \/>\n<meta name=\"robots\" content=\"index, follow, max-snippet:-1, max-image-preview:large, max-video-preview:-1\" \/>\n<link rel=\"canonical\" href=\"https:\/\/xplain-data.de\/de\/events\/\" \/>\n<meta property=\"og:locale\" content=\"de_DE\" \/>\n<meta property=\"og:type\" content=\"article\" \/>\n<meta property=\"og:title\" content=\"Aktuelle Events\" \/>\n<meta property=\"og:description\" content=\"Besuchen Sie uns und erleben Sie patentierte, objekt-zentrierter Datenhaltung als Basis f\u00fcr erfolgreiche Prozessoptimierung durch Causal AI.\" \/>\n<meta property=\"og:url\" content=\"https:\/\/xplain-data.de\/de\/events\/\" \/>\n<meta property=\"og:site_name\" content=\"Xplain Data\" \/>\n<meta property=\"article:modified_time\" content=\"2026-04-20T12:12:27+00:00\" \/>\n<meta property=\"og:image\" content=\"https:\/\/xplain-data.de\/wp-content\/uploads\/2023\/01\/social-image.jpg\" \/>\n\t<meta property=\"og:image:width\" content=\"1280\" \/>\n\t<meta property=\"og:image:height\" content=\"720\" \/>\n\t<meta property=\"og:image:type\" content=\"image\/jpeg\" \/>\n<meta name=\"twitter:card\" content=\"summary_large_image\" \/>\n<meta name=\"twitter:label1\" content=\"Gesch\u00e4tzte Lesezeit\" \/>\n\t<meta name=\"twitter:data1\" content=\"1\u00a0Minute\" \/>\n<script type=\"application\/ld+json\" class=\"yoast-schema-graph\">{\"@context\":\"https:\\\/\\\/schema.org\",\"@graph\":[{\"@type\":\"WebPage\",\"@id\":\"https:\\\/\\\/xplain-data.de\\\/de\\\/events\\\/\",\"url\":\"https:\\\/\\\/xplain-data.de\\\/de\\\/events\\\/\",\"name\":\"Aktuelle Events\",\"isPartOf\":{\"@id\":\"https:\\\/\\\/xplain-data.de\\\/de\\\/#website\"},\"datePublished\":\"2026-01-19T10:32:50+00:00\",\"dateModified\":\"2026-04-20T12:12:27+00:00\",\"description\":\"Besuchen Sie uns und erleben Sie patentierte, objekt-zentrierter Datenhaltung als Basis f\u00fcr erfolgreiche Prozessoptimierung durch Causal AI.\",\"breadcrumb\":{\"@id\":\"https:\\\/\\\/xplain-data.de\\\/de\\\/events\\\/#breadcrumb\"},\"inLanguage\":\"de\",\"potentialAction\":[{\"@type\":\"ReadAction\",\"target\":[\"https:\\\/\\\/xplain-data.de\\\/de\\\/events\\\/\"]}]},{\"@type\":\"BreadcrumbList\",\"@id\":\"https:\\\/\\\/xplain-data.de\\\/de\\\/events\\\/#breadcrumb\",\"itemListElement\":[{\"@type\":\"ListItem\",\"position\":1,\"name\":\"Home\",\"item\":\"https:\\\/\\\/xplain-data.de\\\/de\\\/\"},{\"@type\":\"ListItem\",\"position\":2,\"name\":\"Aktuelle Events\"}]},{\"@type\":\"WebSite\",\"@id\":\"https:\\\/\\\/xplain-data.de\\\/de\\\/#website\",\"url\":\"https:\\\/\\\/xplain-data.de\\\/de\\\/\",\"name\":\"Xplain Data\",\"description\":\"Uncover cause &amp; effect relationships in complex data - key to AI\",\"publisher\":{\"@id\":\"https:\\\/\\\/xplain-data.de\\\/de\\\/#organization\"},\"potentialAction\":[{\"@type\":\"SearchAction\",\"target\":{\"@type\":\"EntryPoint\",\"urlTemplate\":\"https:\\\/\\\/xplain-data.de\\\/de\\\/?s={search_term_string}\"},\"query-input\":{\"@type\":\"PropertyValueSpecification\",\"valueRequired\":true,\"valueName\":\"search_term_string\"}}],\"inLanguage\":\"de\"},{\"@type\":\"Organization\",\"@id\":\"https:\\\/\\\/xplain-data.de\\\/de\\\/#organization\",\"name\":\"Xplain Data GmbH\",\"url\":\"https:\\\/\\\/xplain-data.de\\\/de\\\/\",\"logo\":{\"@type\":\"ImageObject\",\"inLanguage\":\"de\",\"@id\":\"https:\\\/\\\/xplain-data.de\\\/de\\\/#\\\/schema\\\/logo\\\/image\\\/\",\"url\":\"https:\\\/\\\/xplain-data.de\\\/wp-content\\\/uploads\\\/2023\\\/01\\\/xplaindata_logo-claim-240.png\",\"contentUrl\":\"https:\\\/\\\/xplain-data.de\\\/wp-content\\\/uploads\\\/2023\\\/01\\\/xplaindata_logo-claim-240.png\",\"width\":609,\"height\":240,\"caption\":\"Xplain Data GmbH\"},\"image\":{\"@id\":\"https:\\\/\\\/xplain-data.de\\\/de\\\/#\\\/schema\\\/logo\\\/image\\\/\"},\"sameAs\":[\"https:\\\/\\\/www.linkedin.com\\\/company\\\/xplain-data-gmbh\\\/?viewAsMember=true\"]}]}<\/script>\n<!-- \/ Yoast SEO plugin. -->","yoast_head_json":{"title":"Aktuelle Events","description":"Besuchen Sie uns und erleben Sie patentierte, objekt-zentrierter Datenhaltung als Basis f\u00fcr erfolgreiche Prozessoptimierung durch Causal AI.","robots":{"index":"index","follow":"follow","max-snippet":"max-snippet:-1","max-image-preview":"max-image-preview:large","max-video-preview":"max-video-preview:-1"},"canonical":"https:\/\/xplain-data.de\/de\/events\/","og_locale":"de_DE","og_type":"article","og_title":"Aktuelle Events","og_description":"Besuchen Sie uns und erleben Sie patentierte, objekt-zentrierter Datenhaltung als Basis f\u00fcr erfolgreiche Prozessoptimierung durch Causal AI.","og_url":"https:\/\/xplain-data.de\/de\/events\/","og_site_name":"Xplain Data","article_modified_time":"2026-04-20T12:12:27+00:00","og_image":[{"width":1280,"height":720,"url":"https:\/\/xplain-data.de\/wp-content\/uploads\/2023\/01\/social-image.jpg","type":"image\/jpeg"}],"twitter_card":"summary_large_image","twitter_misc":{"Gesch\u00e4tzte Lesezeit":"1\u00a0Minute"},"schema":{"@context":"https:\/\/schema.org","@graph":[{"@type":"WebPage","@id":"https:\/\/xplain-data.de\/de\/events\/","url":"https:\/\/xplain-data.de\/de\/events\/","name":"Aktuelle Events","isPartOf":{"@id":"https:\/\/xplain-data.de\/de\/#website"},"datePublished":"2026-01-19T10:32:50+00:00","dateModified":"2026-04-20T12:12:27+00:00","description":"Besuchen Sie uns und erleben Sie patentierte, objekt-zentrierter Datenhaltung als Basis f\u00fcr erfolgreiche Prozessoptimierung durch Causal AI.","breadcrumb":{"@id":"https:\/\/xplain-data.de\/de\/events\/#breadcrumb"},"inLanguage":"de","potentialAction":[{"@type":"ReadAction","target":["https:\/\/xplain-data.de\/de\/events\/"]}]},{"@type":"BreadcrumbList","@id":"https:\/\/xplain-data.de\/de\/events\/#breadcrumb","itemListElement":[{"@type":"ListItem","position":1,"name":"Home","item":"https:\/\/xplain-data.de\/de\/"},{"@type":"ListItem","position":2,"name":"Aktuelle Events"}]},{"@type":"WebSite","@id":"https:\/\/xplain-data.de\/de\/#website","url":"https:\/\/xplain-data.de\/de\/","name":"Xplain Data","description":"Uncover cause &amp; effect relationships in complex data - key to AI","publisher":{"@id":"https:\/\/xplain-data.de\/de\/#organization"},"potentialAction":[{"@type":"SearchAction","target":{"@type":"EntryPoint","urlTemplate":"https:\/\/xplain-data.de\/de\/?s={search_term_string}"},"query-input":{"@type":"PropertyValueSpecification","valueRequired":true,"valueName":"search_term_string"}}],"inLanguage":"de"},{"@type":"Organization","@id":"https:\/\/xplain-data.de\/de\/#organization","name":"Xplain Data GmbH","url":"https:\/\/xplain-data.de\/de\/","logo":{"@type":"ImageObject","inLanguage":"de","@id":"https:\/\/xplain-data.de\/de\/#\/schema\/logo\/image\/","url":"https:\/\/xplain-data.de\/wp-content\/uploads\/2023\/01\/xplaindata_logo-claim-240.png","contentUrl":"https:\/\/xplain-data.de\/wp-content\/uploads\/2023\/01\/xplaindata_logo-claim-240.png","width":609,"height":240,"caption":"Xplain Data GmbH"},"image":{"@id":"https:\/\/xplain-data.de\/de\/#\/schema\/logo\/image\/"},"sameAs":["https:\/\/www.linkedin.com\/company\/xplain-data-gmbh\/?viewAsMember=true"]}]}},"_links":{"self":[{"href":"https:\/\/xplain-data.de\/de\/wp-json\/wp\/v2\/pages\/7237","targetHints":{"allow":["GET"]}}],"collection":[{"href":"https:\/\/xplain-data.de\/de\/wp-json\/wp\/v2\/pages"}],"about":[{"href":"https:\/\/xplain-data.de\/de\/wp-json\/wp\/v2\/types\/page"}],"author":[{"embeddable":true,"href":"https:\/\/xplain-data.de\/de\/wp-json\/wp\/v2\/users\/10"}],"replies":[{"embeddable":true,"href":"https:\/\/xplain-data.de\/de\/wp-json\/wp\/v2\/comments?post=7237"}],"version-history":[{"count":28,"href":"https:\/\/xplain-data.de\/de\/wp-json\/wp\/v2\/pages\/7237\/revisions"}],"predecessor-version":[{"id":7388,"href":"https:\/\/xplain-data.de\/de\/wp-json\/wp\/v2\/pages\/7237\/revisions\/7388"}],"wp:attachment":[{"href":"https:\/\/xplain-data.de\/de\/wp-json\/wp\/v2\/media?parent=7237"}],"curies":[{"name":"wp","href":"https:\/\/api.w.org\/{rel}","templated":true}]}}